{"id":8957,"date":"2019-10-24T18:06:57","date_gmt":"2019-10-24T18:06:57","guid":{"rendered":"https:\/\/www.classic-channel-regatta.eu\/?page_id=8957"},"modified":"2019-10-24T18:06:57","modified_gmt":"2019-10-24T18:06:57","slug":"danse-des-classiques-competitors","status":"publish","type":"page","link":"https:\/\/www.classic-channel-regatta.eu\/fr\/danse-des-classiques-competitors\/","title":{"rendered":"Danse des Classiques &#8211; competitors"},"content":{"rendered":"<h2>Danse des Classiques 2019<\/h2>\n<p><a href=\"https:\/\/www.classic-channel-regatta.eu\/fr\/2019-regatta-photos-competitors\/\" rel=\"noopener noreferrer\">Retour \u00e0 la liste des galeries<\/a><a href=\"https:\/\/www.classic-channel-regatta.eu\/bwge_ecommerce_page\/bwge-checkout\/\" rel=\"noopener noreferrer\"><img loading=\"lazy\" decoding=\"async\" class=\"alignright wp-image-8867\" src=\"https:\/\/www.classic-channel-regatta.eu\/wp-content\/uploads\/2019\/10\/cart_image-200x200.png\" alt=\"\" width=\"42\" height=\"42\" srcset=\"https:\/\/www.classic-channel-regatta.eu\/wp-content\/uploads\/2019\/10\/cart_image-200x200.png 200w, https:\/\/www.classic-channel-regatta.eu\/wp-content\/uploads\/2019\/10\/cart_image-300x300.png 300w, https:\/\/www.classic-channel-regatta.eu\/wp-content\/uploads\/2019\/10\/cart_image-250x250.png 250w, https:\/\/www.classic-channel-regatta.eu\/wp-content\/uploads\/2019\/10\/cart_image.png 512w\" sizes=\"auto, (max-width: 42px) 100vw, 42px\" \/><\/a><\/p>\n<p>Cliquez sur une image ou sur l&rsquo;ic\u00f4ne en dessous pour agrandir une photo. De l\u00e0, vous pouvez l&rsquo;ajouter \u00e0 votre panier.<\/p>\n<p>Toutes les photos t\u00e9l\u00e9charg\u00e9es seront des images haute r\u00e9solution. Don en ligne de 5 \u00a3 par photographie (\u00e0 la Classic Young Sailors Foundation). Nous vous enverrons un lien de t\u00e9l\u00e9chargement par e-mail d\u00e8s que vous aurez soumis votre commande.<\/p>\n<p>[BWGE_Gallery_Ecommerce id=\u00a0\u00bb8&Prime; gal_title=\u00a0\u00bbDanse des Classiques &#8211; competitors\u00a0\u00bb]<\/p>\n","protected":false},"excerpt":{"rendered":"<p>Danse des Classiques 2019 Retour \u00e0 la liste des galeries Cliquez sur une image ou sur l&rsquo;ic\u00f4ne en dessous pour agrandir une photo. De l\u00e0, vous pouvez l&rsquo;ajouter \u00e0 votre panier. Toutes les photos t\u00e9l\u00e9charg\u00e9es seront des images haute r\u00e9solution. Don en ligne de 5 \u00a3 par photographie (\u00e0 la Classic Young Sailors Foundation). Nous [&hellip;]<\/p>\n","protected":false},"author":3,"featured_media":0,"parent":0,"menu_order":0,"comment_status":"closed","ping_status":"closed","template":"no-sidebar-template.php","meta":{"_acf_changed":false,"footnotes":""},"class_list":["post-8957","page","type-page","status-publish","hentry"],"acf":[],"_links":{"self":[{"href":"https:\/\/www.classic-channel-regatta.eu\/fr\/wp-json\/wp\/v2\/pages\/8957","targetHints":{"allow":["GET"]}}],"collection":[{"href":"https:\/\/www.classic-channel-regatta.eu\/fr\/wp-json\/wp\/v2\/pages"}],"about":[{"href":"https:\/\/www.classic-channel-regatta.eu\/fr\/wp-json\/wp\/v2\/types\/page"}],"author":[{"embeddable":true,"href":"https:\/\/www.classic-channel-regatta.eu\/fr\/wp-json\/wp\/v2\/users\/3"}],"replies":[{"embeddable":true,"href":"https:\/\/www.classic-channel-regatta.eu\/fr\/wp-json\/wp\/v2\/comments?post=8957"}],"version-history":[{"count":0,"href":"https:\/\/www.classic-channel-regatta.eu\/fr\/wp-json\/wp\/v2\/pages\/8957\/revisions"}],"wp:attachment":[{"href":"https:\/\/www.classic-channel-regatta.eu\/fr\/wp-json\/wp\/v2\/media?parent=8957"}],"curies":[{"name":"wp","href":"https:\/\/api.w.org\/{rel}","templated":true}]}}