{"id":4352,"date":"2018-05-25T14:49:57","date_gmt":"2018-05-25T14:49:57","guid":{"rendered":"http:\/\/classicregatta.staging.wpengine.com\/support-classic-channel-regatta\/"},"modified":"2025-05-30T08:23:35","modified_gmt":"2025-05-30T08:23:35","slug":"support-classic-channel-regatta","status":"publish","type":"page","link":"https:\/\/www.classic-channel-regatta.eu\/fr\/support-classic-channel-regatta\/","title":{"rendered":"Support the Classic Channel Regatta"},"content":{"rendered":"<div class=\"display-card\">\n<h2>Soutenez la Classic Channel Regatta<\/h2>\n<p>Nous serions enchant\u00e9s de vous compter parmi nos Partenaires.<\/p>\n<p>Notre r\u00e9gate est enti\u00e8rement g\u00e9r\u00e9e par des volontaires. Tous les revenus (sponsors et frais d\u2019inscriptions) sont directement investis dans les \u00e9quipements et divertissements, ce qui contribue au formidable succ\u00e8s de la r\u00e9gate.<\/p>\n<p>Les sponsors peuvent \u00eatre sous forme mon\u00e9taire et\/ou de donations de produits. Les diff\u00e9rents niveaux de sponsoring sont:<\/p>\n<ul>\n<li>Platine &#8211; 5,000 \u20ac et +<\/li>\n<li>Or &#8211;\u00a02000 \u20ac et +<\/li>\n<li>Argent &#8211; de 1000 \u00e0 2000 \u20ac<\/li>\n<li>Cuivre &#8211; de 500 \u00e0 1000 \u20ac<\/li>\n<li>Bronze Plus &#8211; de 250 \u00e0 500 \u20ac<\/li>\n<li>Bronze &#8211; de 150 \u00e0 250 \u20ac<\/li>\n<\/ul>\n<p>La r\u00e9gate a une belle r\u00e9putation, une grande notori\u00e9t\u00e9 et des partisans loyaux &#8211; beaucoup d\u2019entre eux sont avec nous depuis la toute premi\u00e8re \u00e9dition.<\/p>\n<p>Si vous souhaitez plus d\u2019informations pour devenir un Partenaire et sur l\u2019ensemble de notre offre, veuillez contacter l\u2019organisateur principal, <a href=\"https:\/\/www.classic-channel-regatta.eu\/fr\/contact-bruce\/\">Bruce Thorogood<\/a>.\n<\/div>\n","protected":false},"excerpt":{"rendered":"<p>Soutenez la Classic Channel Regatta Nous serions enchant\u00e9s de vous compter parmi nos Partenaires. Notre r\u00e9gate est enti\u00e8rement g\u00e9r\u00e9e par des volontaires. Tous les revenus (sponsors et frais d\u2019inscriptions) sont directement investis dans les \u00e9quipements et divertissements, ce qui contribue au formidable succ\u00e8s de la r\u00e9gate. Les sponsors peuvent \u00eatre sous forme mon\u00e9taire et\/ou de [&hellip;]<\/p>\n","protected":false},"author":6,"featured_media":0,"parent":0,"menu_order":0,"comment_status":"open","ping_status":"open","template":"","meta":{"_acf_changed":false,"footnotes":""},"class_list":["post-4352","page","type-page","status-publish","hentry"],"acf":[],"_links":{"self":[{"href":"https:\/\/www.classic-channel-regatta.eu\/fr\/wp-json\/wp\/v2\/pages\/4352","targetHints":{"allow":["GET"]}}],"collection":[{"href":"https:\/\/www.classic-channel-regatta.eu\/fr\/wp-json\/wp\/v2\/pages"}],"about":[{"href":"https:\/\/www.classic-channel-regatta.eu\/fr\/wp-json\/wp\/v2\/types\/page"}],"author":[{"embeddable":true,"href":"https:\/\/www.classic-channel-regatta.eu\/fr\/wp-json\/wp\/v2\/users\/6"}],"replies":[{"embeddable":true,"href":"https:\/\/www.classic-channel-regatta.eu\/fr\/wp-json\/wp\/v2\/comments?post=4352"}],"version-history":[{"count":0,"href":"https:\/\/www.classic-channel-regatta.eu\/fr\/wp-json\/wp\/v2\/pages\/4352\/revisions"}],"wp:attachment":[{"href":"https:\/\/www.classic-channel-regatta.eu\/fr\/wp-json\/wp\/v2\/media?parent=4352"}],"curies":[{"name":"wp","href":"https:\/\/api.w.org\/{rel}","templated":true}]}}