{"id":4328,"date":"2014-01-20T22:45:17","date_gmt":"2014-01-20T22:45:17","guid":{"rendered":"http:\/\/classicregatta.staging.wpengine.com\/information-for-entrants\/pre-registration\/"},"modified":"2025-10-23T15:53:43","modified_gmt":"2025-10-23T15:53:43","slug":"pre-registration","status":"publish","type":"page","link":"https:\/\/www.classic-channel-regatta.eu\/fr\/entry\/pre-registration\/","title":{"rendered":"Pre-Registration"},"content":{"rendered":"<div class=\"display-card\">\n<h2>2026 Pr\u00e9-inscription<\/h2>\n<p style=\"text-align: center;\">\u00a0<\/p>\n<p style=\"text-align: center;\">\n<a class=\"btn\" href=\"\/fr\/entry\/pre-reg-form-new-entry\/\">Je n&rsquo;ai jamais particip\u00e9 \u00e0 la Classic Channel Regatta avec ce yacht<\/a>\n<\/p>\n<p style=\"text-align: center;\">\n<a class=\"btn\" href=\"\/fr\/entry\/pre-reg-form-previous-entry\">J&rsquo;ai d\u00e9j\u00e0 particip\u00e9 \u00e0 la Classic Channel Regatta avec ce yacht<\/a>\n<\/p>\n<p style=\"text-align: left;\">Si vous avez des questions sur le processus d&rsquo;inscription, l&rsquo;\u00e9ligibilit\u00e9 ou le handicap, veuillez <a href=\"\/fr\/contact\/\">contactez l&rsquo;\u00e9quipe<\/a>.<\/p>\n<\/div>\n","protected":false},"excerpt":{"rendered":"<p>2026 Pr\u00e9-inscription \u00a0 Je n&rsquo;ai jamais particip\u00e9 \u00e0 la Classic Channel Regatta avec ce yacht J&rsquo;ai d\u00e9j\u00e0 particip\u00e9 \u00e0 la Classic Channel Regatta avec ce yacht Si vous avez des questions sur le processus d&rsquo;inscription, l&rsquo;\u00e9ligibilit\u00e9 ou le handicap, veuillez contactez l&rsquo;\u00e9quipe.<\/p>\n","protected":false},"author":1,"featured_media":0,"parent":12913,"menu_order":0,"comment_status":"open","ping_status":"closed","template":"","meta":{"_acf_changed":false,"footnotes":""},"class_list":["post-4328","page","type-page","status-publish","hentry"],"acf":[],"_links":{"self":[{"href":"https:\/\/www.classic-channel-regatta.eu\/fr\/wp-json\/wp\/v2\/pages\/4328","targetHints":{"allow":["GET"]}}],"collection":[{"href":"https:\/\/www.classic-channel-regatta.eu\/fr\/wp-json\/wp\/v2\/pages"}],"about":[{"href":"https:\/\/www.classic-channel-regatta.eu\/fr\/wp-json\/wp\/v2\/types\/page"}],"author":[{"embeddable":true,"href":"https:\/\/www.classic-channel-regatta.eu\/fr\/wp-json\/wp\/v2\/users\/1"}],"replies":[{"embeddable":true,"href":"https:\/\/www.classic-channel-regatta.eu\/fr\/wp-json\/wp\/v2\/comments?post=4328"}],"version-history":[{"count":7,"href":"https:\/\/www.classic-channel-regatta.eu\/fr\/wp-json\/wp\/v2\/pages\/4328\/revisions"}],"predecessor-version":[{"id":13123,"href":"https:\/\/www.classic-channel-regatta.eu\/fr\/wp-json\/wp\/v2\/pages\/4328\/revisions\/13123"}],"up":[{"embeddable":true,"href":"https:\/\/www.classic-channel-regatta.eu\/fr\/wp-json\/wp\/v2\/pages\/12913"}],"wp:attachment":[{"href":"https:\/\/www.classic-channel-regatta.eu\/fr\/wp-json\/wp\/v2\/media?parent=4328"}],"curies":[{"name":"wp","href":"https:\/\/api.w.org\/{rel}","templated":true}]}}