{"id":4326,"date":"2018-05-24T11:52:59","date_gmt":"2018-05-24T11:52:59","guid":{"rendered":"http:\/\/classicregatta.staging.wpengine.com\/information-for-entrants\/how-to-enter\/"},"modified":"2025-10-24T16:24:21","modified_gmt":"2025-10-24T16:24:21","slug":"how-to-enter","status":"publish","type":"page","link":"https:\/\/www.classic-channel-regatta.eu\/fr\/entry\/how-to-enter\/","title":{"rendered":"How to Enter"},"content":{"rendered":"<div class=\"display-card\">\n<h2>Comment S&rsquo;inscrire<\/h2>\n<p>La prochaine Classic Channel Regatta aura lieu du 7 au 16 juillet 2026<\/p>\n<p>La proc\u00e9dure est la suivante:<\/p>\n<p>1. Si vous ne vous \u00eates jamais inscrit auparavant, v\u00e9rifiez que votre yacht est <a href=\"\/fr\/entry\/eligibility\/\">\u00e9ligible<\/a>.<\/p>\n<p>2. <a href=\"\/fr\/entry\/pre-registration\/\">Pr\u00e9-enregistrez<\/a> votre int\u00e9r\u00eat pour l&rsquo;inscription &#8211; c&rsquo;est l&rsquo;\u00e9l\u00e9ment fondamental de la proc\u00e9dure &#8211; un bateau ne peut pas s&rsquo;inscrire sans pr\u00e9-enregistrement pr\u00e9alable.<\/p>\n<p>\u00c0 ce stade, nous recueillons les coordonn\u00e9es du propri\u00e9taire ou du skipper et les informations pertinentes sur le bateau inscrit. Si vous avez d\u00e9j\u00e0 particip\u00e9 \u00e0 une r\u00e9gate avec le m\u00eame bateau, la proc\u00e9dure est simplifi\u00e9e, car nous disposons d\u00e9j\u00e0 de ces informations (\u00e0 condition que vous nous ayez autoris\u00e9s \u00e0 les conserver).<\/p>\n<p>Nous vous demandons \u00e9galement une photo du bateau \u00e0 inclure dans la galerie des yachts pr\u00e9inscrits et quelques informations historiques \u00e0 inclure dans le programme.<br \/>\nLa pr\u00e9inscription est gratuite et ne vous engage pas \u00e0 confirmer votre participation en temps voulu.<\/p>\n<p>Si le nombre de pr\u00e9inscriptions \u00e0 la r\u00e9gate est sup\u00e9rieur au nombre de places disponibles, nous placerons les inscriptions re\u00e7ues apr\u00e8s la date limite sur une liste d&rsquo;attente et en informerons les personnes concern\u00e9es.<\/p>\n<p>3. Vous devrez obtenir un handicap JCH classic si votre bateau n&rsquo;en poss\u00e8de pas d\u00e9j\u00e0 un. Cette proc\u00e9dure est gratuite et peut \u00eatre effectu\u00e9e tr\u00e8s simplement en ligne sur <a href=\"http:\/\/www.jch-online.org\/\">http:\/\/www.jch-online.org<\/a>.<\/p>\n<p>Vous devrez avoir \u00e0 port\u00e9e de main les mesures de la coque et des voiles de votre bateau pour remplir le formulaire en ligne. Vous pouvez le faire \u00e0 tout moment avant de confirmer votre inscription.<\/p>\n<p>4. En avril 2026, nous enverrons par e-mail les formulaires d&rsquo;inscription pr\u00e9remplis avec les informations fournies lors de la pr\u00e9inscription \u00e0 tous les yachts pr\u00e9inscrits, en leur demandant de les renvoyer avec leur paiement d\u00e8s que possible. Une date limite sera fix\u00e9e pour mettre fin \u00e0 la priorit\u00e9 accord\u00e9e aux bateaux pr\u00e9inscrits pour garantir leur place, apr\u00e8s quoi les bateaux inscrits sur la liste d&rsquo;attente seront admis.<\/p>\n<\/div>\n","protected":false},"excerpt":{"rendered":"<p>Comment S&rsquo;inscrire La prochaine Classic Channel Regatta aura lieu du 7 au 16 juillet 2026 La proc\u00e9dure est la suivante: 1. Si vous ne vous \u00eates jamais inscrit auparavant, v\u00e9rifiez que votre yacht est \u00e9ligible. 2. Pr\u00e9-enregistrez votre int\u00e9r\u00eat pour l&rsquo;inscription &#8211; c&rsquo;est l&rsquo;\u00e9l\u00e9ment fondamental de la proc\u00e9dure &#8211; un bateau ne peut pas s&rsquo;inscrire [&hellip;]<\/p>\n","protected":false},"author":6,"featured_media":0,"parent":12913,"menu_order":0,"comment_status":"open","ping_status":"open","template":"","meta":{"_acf_changed":false,"footnotes":""},"class_list":["post-4326","page","type-page","status-publish","hentry"],"acf":[],"_links":{"self":[{"href":"https:\/\/www.classic-channel-regatta.eu\/fr\/wp-json\/wp\/v2\/pages\/4326","targetHints":{"allow":["GET"]}}],"collection":[{"href":"https:\/\/www.classic-channel-regatta.eu\/fr\/wp-json\/wp\/v2\/pages"}],"about":[{"href":"https:\/\/www.classic-channel-regatta.eu\/fr\/wp-json\/wp\/v2\/types\/page"}],"author":[{"embeddable":true,"href":"https:\/\/www.classic-channel-regatta.eu\/fr\/wp-json\/wp\/v2\/users\/6"}],"replies":[{"embeddable":true,"href":"https:\/\/www.classic-channel-regatta.eu\/fr\/wp-json\/wp\/v2\/comments?post=4326"}],"version-history":[{"count":5,"href":"https:\/\/www.classic-channel-regatta.eu\/fr\/wp-json\/wp\/v2\/pages\/4326\/revisions"}],"predecessor-version":[{"id":13157,"href":"https:\/\/www.classic-channel-regatta.eu\/fr\/wp-json\/wp\/v2\/pages\/4326\/revisions\/13157"}],"up":[{"embeddable":true,"href":"https:\/\/www.classic-channel-regatta.eu\/fr\/wp-json\/wp\/v2\/pages\/12913"}],"wp:attachment":[{"href":"https:\/\/www.classic-channel-regatta.eu\/fr\/wp-json\/wp\/v2\/media?parent=4326"}],"curies":[{"name":"wp","href":"https:\/\/api.w.org\/{rel}","templated":true}]}}