{"id":4325,"date":"2014-03-21T18:16:48","date_gmt":"2014-03-21T18:16:48","guid":{"rendered":"http:\/\/classicregatta.staging.wpengine.com\/information-for-entrants\/handicapping\/"},"modified":"2025-09-01T18:58:51","modified_gmt":"2025-09-01T18:58:51","slug":"handicapping","status":"publish","type":"page","link":"https:\/\/www.classic-channel-regatta.eu\/fr\/entry\/handicapping\/","title":{"rendered":"Handicapping"},"content":{"rendered":"<div class=\"display-card\">\n<h2><strong>La Jauge Classique JCH<\/strong><\/h2>\n<p>Ce syst\u00e8me de handicap a \u00e9t\u00e9 d\u00e9velopp\u00e9 et affin\u00e9 au cours des 15 derni\u00e8res ann\u00e9es et est en train de devenir largement utilis\u00e9 pour la course classique en Europe. Aucun handicap ne peut \u00eatre parfait, mais nous croyons que c\u2019est le meilleur handicap disponible car il est con\u00e7u sp\u00e9cifiquement pour les classiques. Il donne des r\u00e9sultats justes et la formule est transparente et dans le domaine public. Il est en auto-certification et obtenir un rating sur le site web d\u00e9di\u00e9 est simple et gratuit.<\/p>\n<p>Si vous avez d\u00e9j\u00e0 un rating IRC toutes les donn\u00e9es dont vous avez besoin pour obtenir le rating JCH sont sur ce certificat, sinon vous aurez besoin d\u2019avoir \u00e0 port\u00e9e de main certaines mesures de coque et de voile pour obtenir votre rating en ligne. Vous pouvez trouver des informations compl\u00e8tes sur la Jauge Classique JCH et le formulaire de mesure en ligne (seulement en anglais) sur les liens ci-dessous:<\/p>\n<p><a href=\"http:\/\/www.jch-online.org\/info\/regles_JCH_en.pdf\" target=\"_blank\" rel=\"noopener\">Information compl\u00e8tes sur la Jauge Classique<\/a>\u00a0&gt;<\/p>\n<p><a href=\"http:\/\/www.jch-online.org\/\" target=\"_blank\" rel=\"noopener\">Obtenir\u00a0votre certificat de jauge &gt;<\/a><\/p>\n<\/div>\n","protected":false},"excerpt":{"rendered":"<p>La Jauge Classique JCH Ce syst\u00e8me de handicap a \u00e9t\u00e9 d\u00e9velopp\u00e9 et affin\u00e9 au cours des 15 derni\u00e8res ann\u00e9es et est en train de devenir largement utilis\u00e9 pour la course classique en Europe. Aucun handicap ne peut \u00eatre parfait, mais nous croyons que c\u2019est le meilleur handicap disponible car il est con\u00e7u sp\u00e9cifiquement pour les [&hellip;]<\/p>\n","protected":false},"author":1,"featured_media":0,"parent":12913,"menu_order":0,"comment_status":"open","ping_status":"closed","template":"","meta":{"_acf_changed":false,"footnotes":""},"class_list":["post-4325","page","type-page","status-publish","hentry"],"acf":[],"_links":{"self":[{"href":"https:\/\/www.classic-channel-regatta.eu\/fr\/wp-json\/wp\/v2\/pages\/4325","targetHints":{"allow":["GET"]}}],"collection":[{"href":"https:\/\/www.classic-channel-regatta.eu\/fr\/wp-json\/wp\/v2\/pages"}],"about":[{"href":"https:\/\/www.classic-channel-regatta.eu\/fr\/wp-json\/wp\/v2\/types\/page"}],"author":[{"embeddable":true,"href":"https:\/\/www.classic-channel-regatta.eu\/fr\/wp-json\/wp\/v2\/users\/1"}],"replies":[{"embeddable":true,"href":"https:\/\/www.classic-channel-regatta.eu\/fr\/wp-json\/wp\/v2\/comments?post=4325"}],"version-history":[{"count":1,"href":"https:\/\/www.classic-channel-regatta.eu\/fr\/wp-json\/wp\/v2\/pages\/4325\/revisions"}],"predecessor-version":[{"id":12939,"href":"https:\/\/www.classic-channel-regatta.eu\/fr\/wp-json\/wp\/v2\/pages\/4325\/revisions\/12939"}],"up":[{"embeddable":true,"href":"https:\/\/www.classic-channel-regatta.eu\/fr\/wp-json\/wp\/v2\/pages\/12913"}],"wp:attachment":[{"href":"https:\/\/www.classic-channel-regatta.eu\/fr\/wp-json\/wp\/v2\/media?parent=4325"}],"curies":[{"name":"wp","href":"https:\/\/api.w.org\/{rel}","templated":true}]}}