{"id":4322,"date":"2024-01-31T20:08:36","date_gmt":"2024-01-31T20:08:36","guid":{"rendered":"http:\/\/classicregatta.staging.wpengine.com\/information-for-entrants\/classes-eligibility\/"},"modified":"2025-10-24T16:46:15","modified_gmt":"2025-10-24T16:46:15","slug":"eligibility","status":"publish","type":"page","link":"https:\/\/www.classic-channel-regatta.eu\/fr\/entry\/eligibility\/","title":{"rendered":"Eligibility"},"content":{"rendered":"<div class=\"display-card\">\n<h2>Eligibilit\u00e9<\/h2>\n<p>La Classic Channel Regatta est ouverte aux yachts classiques con\u00e7us avant le 31 d\u00e9cembre 1974 et aux yachts plus r\u00e9cents de conception classique et traditionnelle approuv\u00e9s par les organisateurs. Les multicoques ne sont pas admissibles.<\/p>\n<p>Un yacht est admissible \u00e0 la Classic Channel Regatta s&rsquo;il remplit l&rsquo;une des conditions suivantes.<\/p>\n<p>1. Il a \u00e9t\u00e9 construit selon un <a href=\"\/entry\/eligibility\/accepted-designs\/\">design accept\u00e9<\/a>.<\/p>\n<p>2. Il s&rsquo;agit d&rsquo;un yacht unique construit selon un plan cr\u00e9\u00e9 avant le 31 d\u00e9cembre 1974 et accept\u00e9 par les organisateurs.<\/p>\n<p>3. Il s&rsquo;agit d&rsquo;un yacht \u00ab classique moderne \u00bb con\u00e7u apr\u00e8s 1974, avec une apparence classique au-dessus de la ligne de flottaison, et accept\u00e9 par les organisateurs.<\/p>\n<p>Si votre yacht remplit la condition 3 ou si vous n&rsquo;\u00eates pas s\u00fbr de son \u00e9ligibilit\u00e9, veuillez envoyer un e-mail \u00e0 eligibility@classic-channel-regatta.eu avec les d\u00e9tails de la conception et des photos.<\/p>\n<p>Les yachts dont la longueur sur le pont (LOD) est inf\u00e9rieure \u00e0 7,5 m ne sont normalement pas \u00e9ligibles pour les courses au large entre Dartmouth, les \u00eeles Anglo-Normandes et Paimpol. Pour les courses c\u00f4ti\u00e8res \u00e0 Dartmouth et la course de l&rsquo;\u00eele de Br\u00e9hat, la longueur minimale au pont est de 5,4 m.<\/p>\n<p>Si les organisateurs estiment qu&rsquo;un yacht a \u00e9t\u00e9 construit ou modifi\u00e9 de mani\u00e8re \u00e0 lui conf\u00e9rer un avantage d\u00e9loyal par rapport aux autres yachts \u00e9ligibles, il sera consid\u00e9r\u00e9 comme non \u00e9ligible.<\/p>\n<div class=\"ccr-cta\">\n<p>\nSi vous estimez que votre yacht est \u00e9ligible et que vous remplissez les conditions \u00e9num\u00e9r\u00e9es ci-dessous, vous pouvez vous pr\u00e9inscrire \u00e0 la r\u00e9gate.<\/p>\n<p style=\"text-align: center\">\n<a  class=\"btn\" href=\"\/fr\/entry\/pre-registration\/\">Pr\u00e9inscrire \u00e0 la r\u00e9gate 2026<\/a><\/p>\n<\/div>\n<h2>Conditions<\/h2>\n<p>Les yachts \u00e9ligibles doivent remplir un certain nombre de conditions pour pouvoir participer \u00e0 la Classic Channel Regatta. Ces conditions sont d\u00e9taill\u00e9es dans l&rsquo;avis de course, mais comprennent notamment les \u00e9l\u00e9ments suivants :<\/p>\n<h3>Courses c\u00f4ti\u00e8res<\/h3>\n<p>Les yachts et bateaux de plaisance participant aux courses c\u00f4ti\u00e8res au large de Dartmouth et \u00e0 la course autour de l\u2019\u00cele de Br\u00e9hat doivent \u00eatre conformes aux r\u00e8glements sp\u00e9ciaux offshore de <a href=\"https:\/\/d7qh6ksdplczd.cloudfront.net\/sailing\/wp-content\/uploads\/2023\/12\/25174002\/OSR-Monohull-Category-4-Extract-24v51.pdf\" target=\"_blank\">World Sailing (WSOSR) Cat 4<\/a>.<\/p>\n<h3>Courses au large<\/h3>\n<p>Les yachts participant aux courses au large entre Dartmouth, les \u00eeles Anglo-Normandes et la Bretagne doivent \u00eatre conformes aux r\u00e8glements sp\u00e9ciaux offshore de <a href=\"https:\/\/d7qh6ksdplczd.cloudfront.net\/sailing\/wp-content\/uploads\/2023\/12\/25174517\/OSR-Monohull-Category-3-Extract-24v51.pdf\" target=\"_blank\">World Sailing (WSOSR) Cat 3<\/a>.<\/p>\n<p>Veuillez noter que ces r\u00e8glements incluent l&rsquo;obligation pour les yachts d&#8217;emporter un radeau de sauvetage homologu\u00e9 et d&rsquo;utiliser un transpondeur AIS (\u00e9mission ET r\u00e9ception).<\/p>\n<h3>Num\u00e9ros de voile<\/h3>\n<p>Les concurrents doivent disposer d&rsquo;un num\u00e9ro de voile national valide ou d&rsquo;un num\u00e9ro de classe reconnu et afficher ces num\u00e9ros sur la grand-voile et les spinnakers. L&rsquo;avis de course pr\u00e9voit des dispositions alternatives pour les bateaux qui ne satisfont pas \u00e0 cette condition.<\/p>\n<h3>Handicaps<\/h3>\n<p>La Classic Channel Regatta organise des courses en utilisant le syst\u00e8me de <a href=\"http:\/\/www.jch-online.org\/\" target=\"_blank\">handicap JCH<\/a>. Chaque yacht participant \u00e0 la r\u00e9gate doit obtenir un handicap JCH avant le d\u00e9but de la r\u00e9gate. Celui-ci peut \u00eatre obtenu gratuitement en ligne en cliquant sur le lien ci-dessus.<\/p>\n<\/div>\n<div class=\"display-card\">\n<h3>Limites d&rsquo;inscription<\/h3>\n<p>La r\u00e9gate est limit\u00e9e \u00e0 environ 100 bateaux en raison des contraintes de capacit\u00e9 du port de Paimpol.<\/p>\n<p>Les organisateurs peuvent limiter le nombre d&rsquo;inscriptions de yachts construits selon un m\u00eame mod\u00e8le.<\/p>\n<h3>Classes<\/h3>\n<p>Lorsqu&rsquo;un yacht s&rsquo;inscrit pour la premi\u00e8re fois \u00e0 la Classic Channel Regatta, il est affect\u00e9 \u00e0 une classe. Il existe actuellement quatre classes. Les classes 1 et 2 (g\u00e9n\u00e9ralement des mod\u00e8les ant\u00e9rieurs \u00e0 1969) et les classes 3 et 4 (g\u00e9n\u00e9ralement des mod\u00e8les post\u00e9rieurs \u00e0 1968).<\/p>\n<p>Vous trouverez ici une explication sur <a href=\"\/fr\/entry\/class-allocation\">l&rsquo;affectation des classes<\/a>.<\/p>\n<h3>Groupes<\/h3>\n<p>Afin de prendre en compte des yachts dont les vitesses peuvent varier consid\u00e9rablement, les classes 1 et 2 ainsi que les classes 3 et 4 sont divis\u00e9es en groupes en fonction de leur handicap JCH.<\/p>\n<p>Les yachts d&rsquo;un m\u00eame groupe s&rsquo;affrontent entre eux et des prix sont d\u00e9cern\u00e9s pour chaque groupe, tant dans chacune des sections de la r\u00e9gate que dans les r\u00e9sultats globaux.<\/p>\n<p>Ces derni\u00e8res ann\u00e9es, la r\u00e9gate s&rsquo;est d\u00e9roul\u00e9e avec quatre groupes. Les classes 1 et 2 ont \u00e9t\u00e9 divis\u00e9es en groupe A (rapide) et groupe B (plus lent). Les classes 3 et 4 ont \u00e9t\u00e9 divis\u00e9es en groupe C (rapide) et groupe D (plus lent). La r\u00e9partition des yachts dans les groupes se fait (en gros) sur la base du handicap JCH et est d\u00e9cid\u00e9e imm\u00e9diatement avant la r\u00e9gate.<\/p>\n<p>Vous pouvez consulter les <a href=\"https:\/\/archive.halsail.com\/Result\/Public\/3245\/1\" target=\"_blank\">r\u00e9sultats des courses 2022<\/a> pour voir comment les groupes fonctionnent dans la pratique.<\/p>\n<\/div>\n","protected":false},"excerpt":{"rendered":"<p>Eligibilit\u00e9 La Classic Channel Regatta est ouverte aux yachts classiques con\u00e7us avant le 31 d\u00e9cembre 1974 et aux yachts plus r\u00e9cents de conception classique et traditionnelle approuv\u00e9s par les organisateurs. Les multicoques ne sont pas admissibles. Un yacht est admissible \u00e0 la Classic Channel Regatta s&rsquo;il remplit l&rsquo;une des conditions suivantes. 1. Il a \u00e9t\u00e9 [&hellip;]<\/p>\n","protected":false},"author":1,"featured_media":0,"parent":12913,"menu_order":0,"comment_status":"open","ping_status":"closed","template":"","meta":{"_acf_changed":false,"footnotes":""},"class_list":["post-4322","page","type-page","status-publish","hentry"],"acf":[],"_links":{"self":[{"href":"https:\/\/www.classic-channel-regatta.eu\/fr\/wp-json\/wp\/v2\/pages\/4322","targetHints":{"allow":["GET"]}}],"collection":[{"href":"https:\/\/www.classic-channel-regatta.eu\/fr\/wp-json\/wp\/v2\/pages"}],"about":[{"href":"https:\/\/www.classic-channel-regatta.eu\/fr\/wp-json\/wp\/v2\/types\/page"}],"author":[{"embeddable":true,"href":"https:\/\/www.classic-channel-regatta.eu\/fr\/wp-json\/wp\/v2\/users\/1"}],"replies":[{"embeddable":true,"href":"https:\/\/www.classic-channel-regatta.eu\/fr\/wp-json\/wp\/v2\/comments?post=4322"}],"version-history":[{"count":14,"href":"https:\/\/www.classic-channel-regatta.eu\/fr\/wp-json\/wp\/v2\/pages\/4322\/revisions"}],"predecessor-version":[{"id":13162,"href":"https:\/\/www.classic-channel-regatta.eu\/fr\/wp-json\/wp\/v2\/pages\/4322\/revisions\/13162"}],"up":[{"embeddable":true,"href":"https:\/\/www.classic-channel-regatta.eu\/fr\/wp-json\/wp\/v2\/pages\/12913"}],"wp:attachment":[{"href":"https:\/\/www.classic-channel-regatta.eu\/fr\/wp-json\/wp\/v2\/media?parent=4322"}],"curies":[{"name":"wp","href":"https:\/\/api.w.org\/{rel}","templated":true}]}}