{"id":4316,"date":"2014-10-08T07:54:27","date_gmt":"2014-10-08T07:54:27","guid":{"rendered":"http:\/\/classicregatta.staging.wpengine.com\/?page_id=4316"},"modified":"2024-02-03T09:55:50","modified_gmt":"2024-02-03T09:55:50","slug":"crew-boat-finder","status":"publish","type":"page","link":"https:\/\/www.classic-channel-regatta.eu\/fr\/entry\/crew-boat-finder\/","title":{"rendered":"Crew &#038; Boat Finder"},"content":{"rendered":"<h1><strong>Bourse aux Equipiers<\/strong><\/h1>\n<p><img loading=\"lazy\" decoding=\"async\" class=\"alignright wp-image-1101\" src=\"https:\/\/www.classic-channel-regatta.eu\/wp-content\/uploads\/2014\/06\/DSC0482-1024x682.jpg\" alt=\"SONY DSC\" width=\"479\" height=\"319\" srcset=\"https:\/\/www.classic-channel-regatta.eu\/wp-content\/uploads\/2014\/06\/DSC0482-1024x682.jpg 1024w, https:\/\/www.classic-channel-regatta.eu\/wp-content\/uploads\/2014\/06\/DSC0482-300x200.jpg 300w, https:\/\/www.classic-channel-regatta.eu\/wp-content\/uploads\/2014\/06\/DSC0482-120x80.jpg 120w, https:\/\/www.classic-channel-regatta.eu\/wp-content\/uploads\/2014\/06\/DSC0482.jpg 1200w\" sizes=\"auto, (max-width: 479px) 100vw, 479px\" \/>Si vous \u00eates un(e) \u00e9quipier(\u00e8re) \u00e0 la recherche d\u2019un bateau pour la r\u00e9gate, ou un propri\u00e9taire de bateau \/ skipper \u00e0 la recherche d\u2019\u00e9quipiers, veuillez <a href=\"https:\/\/www.classic-channel-regatta.eu\/fr\/contact-crew-and-boat-finder\/\">nous contacter<\/a> en nous indiquant si vous \u00eates un propri\u00e9taire de bateau \u00e0 la recherche d\u2019\u00e9quipiers ou un(e) \u00e9quipier(\u00e8re) \u00e0 la recherche d&rsquo;un bateau. Nous ajouterons les \u00e9quipiers \u00e0 la recherche d&rsquo;un bateau \u00e0 la liste, qui est d\u00e9j\u00e0 disponible pour les skippers \u00e0 la recherche d&rsquo;\u00e9quipiers.<\/p>\n<p>Si vous \u00eates skipper et que vous vous \u00eates inscrit \u00e0 la Bourse aux Equipiers, <a href=\"https:\/\/www.classic-channel-regatta.eu\/fr\/crew-list\/\">cliquez ici<\/a>\u00a0pour acc\u00e9der \u00e0 la liste, prot\u00e9g\u00e9e par mot de passe.<\/p>\n<p><strong>Avis important &#8211; veuillez liremportant<\/strong><\/p>\n<p>La CRAB et Classic Channel Regatta Ltd\u00a0 n&rsquo;assume aucune responsabilit\u00e9 quant \u00e0 l&rsquo;exactitude des informations publi\u00e9es sur la Bourse aux Equipiers.<\/p>\n<p>La course \u00e0 voile peut \u00eatre dangereuse. Il est important que les \u00e9quipages et les propri\u00e9taires \/ skippers comprennent qu\u2019ils acceptent volontairement tous les risques associ\u00e9s \u00e0 la participation \u00e0 tout embarquement ou avec tout propri\u00e9taire, skipper ou \u00e9quipage auquel ils pourraient \u00eatre pr\u00e9sent\u00e9s par l\u2019interm\u00e9diaire de la Bourse aux Equipiers. En communiquant leurs coordonn\u00e9es, chaque \u00e9quipier(\u00e8re) et propri\u00e9taire \/ skipper (selon le cas) :<\/p>\n<p>(1)\u00a0reconna\u00eet et accepte que ni la CRAB, ni la Classic Channel Regatta Ltd, ni aucun autre club organisateur, aucun de ses employ\u00e9s, g\u00e9rants ou mandataires<\/p>\n<p>(i) ne formule d\u2019avis sur ou ne garantit l\u2019\u00e9tat d&rsquo;un bateau, ou la comp\u00e9tence ou l&rsquo;aptitude d&rsquo;un skipper ou d&rsquo;un(e) \u00e9quipier(\u00e8re), ou<\/p>\n<p>(ii) n\u2019accepte aucune part de responsabilit\u00e9 en cas de perte de la vie ou de blessure corporelle, de perte ou de d\u00e9g\u00e2t caus\u00e9 \u00e0 un bateau, \u00e0 l&rsquo;\u00e9quipement ou \u00e0 d&rsquo;autres biens,<\/p>\n<p>et<\/p>\n<p>(2) confirme qu&rsquo;il \/ elle a lu et ce qui suit :<\/p>\n<p>La s\u00e9curit\u00e9 d\u2019un bateau et de son \u00e9quipage rel\u00e8ve de la responsabilit\u00e9 unique et in\u00e9vitable du propri\u00e9taire, ou du repr\u00e9sentant du propri\u00e9taire, qui doit faire de son mieux pour que le bateau dispose des \u00e9quipements de s\u00e9curit\u00e9 conformes et en ordre de fonctionnement, soit en \u00e9tat de naviguer et dot\u00e9 d&rsquo;un \u00e9quipage exp\u00e9riment\u00e9 ayant suivi une formation appropri\u00e9e et physiquement apte \u00e0 faire face au mauvais temps. Il doit \u00eatre satisfait de la solidit\u00e9 de la coque, des espars, du gr\u00e9ement, des voiles et de tout le mat\u00e9riel. Il doit s&rsquo;assurer que tout le mat\u00e9riel de s\u00e9curit\u00e9 est correctement entretenu et rang\u00e9 et que l&rsquo;\u00e9quipage sait o\u00f9 il est entrepos\u00e9 et comment il doit \u00eatre utilis\u00e9.<\/p>\n","protected":false},"excerpt":{"rendered":"<p>Bourse aux Equipiers Si vous \u00eates un(e) \u00e9quipier(\u00e8re) \u00e0 la recherche d\u2019un bateau pour la r\u00e9gate, ou un propri\u00e9taire de bateau \/ skipper \u00e0 la recherche d\u2019\u00e9quipiers, veuillez nous contacter en nous indiquant si vous \u00eates un propri\u00e9taire de bateau \u00e0 la recherche d\u2019\u00e9quipiers ou un(e) \u00e9quipier(\u00e8re) \u00e0 la recherche d&rsquo;un bateau. Nous ajouterons les [&hellip;]<\/p>\n","protected":false},"author":1,"featured_media":0,"parent":12913,"menu_order":0,"comment_status":"open","ping_status":"closed","template":"","meta":{"_acf_changed":false,"footnotes":""},"class_list":["post-4316","page","type-page","status-publish","hentry"],"acf":[],"_links":{"self":[{"href":"https:\/\/www.classic-channel-regatta.eu\/fr\/wp-json\/wp\/v2\/pages\/4316","targetHints":{"allow":["GET"]}}],"collection":[{"href":"https:\/\/www.classic-channel-regatta.eu\/fr\/wp-json\/wp\/v2\/pages"}],"about":[{"href":"https:\/\/www.classic-channel-regatta.eu\/fr\/wp-json\/wp\/v2\/types\/page"}],"author":[{"embeddable":true,"href":"https:\/\/www.classic-channel-regatta.eu\/fr\/wp-json\/wp\/v2\/users\/1"}],"replies":[{"embeddable":true,"href":"https:\/\/www.classic-channel-regatta.eu\/fr\/wp-json\/wp\/v2\/comments?post=4316"}],"version-history":[{"count":0,"href":"https:\/\/www.classic-channel-regatta.eu\/fr\/wp-json\/wp\/v2\/pages\/4316\/revisions"}],"up":[{"embeddable":true,"href":"https:\/\/www.classic-channel-regatta.eu\/fr\/wp-json\/wp\/v2\/pages\/12913"}],"wp:attachment":[{"href":"https:\/\/www.classic-channel-regatta.eu\/fr\/wp-json\/wp\/v2\/media?parent=4316"}],"curies":[{"name":"wp","href":"https:\/\/api.w.org\/{rel}","templated":true}]}}