{"id":4313,"date":"2014-03-01T15:30:32","date_gmt":"2014-03-01T15:30:32","guid":{"rendered":"http:\/\/classicregatta.staging.wpengine.com\/bronze-partners\/"},"modified":"2025-05-29T18:42:33","modified_gmt":"2025-05-29T18:42:33","slug":"bronze-partners","status":"publish","type":"page","link":"https:\/\/www.classic-channel-regatta.eu\/fr\/bronze-partners\/","title":{"rendered":"Bronze Partners"},"content":{"rendered":"<div class=\"display-card\">\n<h2>Nos partenaires bronze 2024<\/h2>\n<p>La Classic Channel Regatta est aimablement sponsoris\u00e9e par une grande vari\u00e9t\u00e9 d\u2019entreprises et d\u2019entreprises de chaque c\u00f4t\u00e9 de la Manche.<\/p>\n<p>Si vous avez besoin d&rsquo;\u00e9quipement, de services ou d&rsquo;assistance, veuillez envisager d&rsquo;utiliser l&rsquo;un de nos partenaires ci-dessous.<\/p>\n<p>&nbsp;<\/p>\n<\/div>\n","protected":false},"excerpt":{"rendered":"<p>Nos partenaires bronze 2024 La Classic Channel Regatta est aimablement sponsoris\u00e9e par une grande vari\u00e9t\u00e9 d\u2019entreprises et d\u2019entreprises de chaque c\u00f4t\u00e9 de la Manche. Si vous avez besoin d&rsquo;\u00e9quipement, de services ou d&rsquo;assistance, veuillez envisager d&rsquo;utiliser l&rsquo;un de nos partenaires ci-dessous. &nbsp;<\/p>\n","protected":false},"author":1,"featured_media":0,"parent":0,"menu_order":0,"comment_status":"open","ping_status":"closed","template":"bronze-sponsors-template.php","meta":{"_acf_changed":false,"footnotes":""},"class_list":["post-4313","page","type-page","status-publish","hentry"],"acf":[],"_links":{"self":[{"href":"https:\/\/www.classic-channel-regatta.eu\/fr\/wp-json\/wp\/v2\/pages\/4313","targetHints":{"allow":["GET"]}}],"collection":[{"href":"https:\/\/www.classic-channel-regatta.eu\/fr\/wp-json\/wp\/v2\/pages"}],"about":[{"href":"https:\/\/www.classic-channel-regatta.eu\/fr\/wp-json\/wp\/v2\/types\/page"}],"author":[{"embeddable":true,"href":"https:\/\/www.classic-channel-regatta.eu\/fr\/wp-json\/wp\/v2\/users\/1"}],"replies":[{"embeddable":true,"href":"https:\/\/www.classic-channel-regatta.eu\/fr\/wp-json\/wp\/v2\/comments?post=4313"}],"version-history":[{"count":0,"href":"https:\/\/www.classic-channel-regatta.eu\/fr\/wp-json\/wp\/v2\/pages\/4313\/revisions"}],"wp:attachment":[{"href":"https:\/\/www.classic-channel-regatta.eu\/fr\/wp-json\/wp\/v2\/media?parent=4313"}],"curies":[{"name":"wp","href":"https:\/\/api.w.org\/{rel}","templated":true}]}}