{"id":4277,"date":"2016-11-20T17:50:22","date_gmt":"2016-11-20T17:50:22","guid":{"rendered":"http:\/\/classicregatta.staging.wpengine.com\/about-the-regatta\/what-is-the-classic-channel-regatta\/"},"modified":"2023-04-24T18:16:07","modified_gmt":"2023-04-24T18:16:07","slug":"what-is-the-classic-channel-regatta","status":"publish","type":"page","link":"https:\/\/www.classic-channel-regatta.eu\/fr\/what-is-the-classic-channel-regatta\/","title":{"rendered":"What is the Classic Channel Regatta"},"content":{"rendered":"\n<h1 class=\"wp-block-heading\">Qu&rsquo;est-ce que la Classic Channel Regatta?<\/h1>\n\n\n\n<p><strong>La Classic Channel Regatta est un \u00e9v\u00e8nement international de r\u00e9f\u00e9rence dans le monde de la voile classique<\/strong>: D\u00e9crit par les concurrents de la derni\u00e8re \u00e9dition comme \u00ab\u00a0la plus belle r\u00e9gate du monde\u00a0\u00bb et aussi \u00ab\u00a0c&rsquo;est plus qu&rsquo;une simple r\u00e9gate; c&rsquo;est un bienfait pour la vie !\u00a0\u00bb. La r\u00e9gate attire des \u00e9quipages d&rsquo;Angleterre, de France, d&rsquo;Irlande, de Belgique, de Hollande et d&rsquo;Allemagne. Cet \u00e9v\u00e8nement se d\u00e9roulera pendant une semaine en 2024 et naviguera de Dartmouth \u00e0 St Peter Port \u00e0 Guernesey et ralliera ensuite Paimpol en Bretagne.<\/p>\n\n\n\n<p><strong>Il y a normalement plus de 80 bateaux classiques qui y participent :<\/strong><\/p>\n\n\n\n<p>Tous construits selon des designs ant\u00e9rieures \u00e0 1975. La majorit\u00e9 des bateaux sont d\u2019origine et ont \u00e9t\u00e9 construits avant 1975. Il y a aussi quelques r\u00e9pliques construites plus r\u00e9cemment selon des conceptions classiques. Le bateau le plus ancien que nous ayons eu dans l&rsquo;histoire de la r\u00e9gate a \u00e9t\u00e9 lanc\u00e9 en 1886. Il existe une gamme vari\u00e9e de bateaux, de gr\u00e9ement, de taille et tous avec leur proper histoire, mais leurs propri\u00e9taires partagent la m\u00eame passion pour pr\u00e9server et promouvoir l&rsquo;h\u00e9ritage de la plaisance classique.<\/p>\n\n\n\n<div class=\"wp-block-image\"><figure class=\"aligncenter\"><img loading=\"lazy\" decoding=\"async\" width=\"628\" height=\"257\" src=\"https:\/\/www.classic-channel-regatta.eu\/wp-content\/uploads\/2016\/11\/Racing-e1479666819972.jpg\" alt=\"\" class=\"wp-image-2805\" srcset=\"https:\/\/www.classic-channel-regatta.eu\/wp-content\/uploads\/2016\/11\/Racing-e1479666819972.jpg 628w, https:\/\/www.classic-channel-regatta.eu\/wp-content\/uploads\/2016\/11\/Racing-e1479666819972-300x123.jpg 300w, https:\/\/www.classic-channel-regatta.eu\/wp-content\/uploads\/2016\/11\/Racing-e1479666819972-250x102.jpg 250w\" sizes=\"auto, (max-width: 628px) 100vw, 628px\" \/><\/figure><\/div>\n\n\n\n<h3 class=\"wp-block-heading\">La R\u00e9gate comprend une s\u00e9rie de courses :<\/h3>\n\n\n\n<ul class=\"wp-block-list\"><li>La Dartmouth Classics \u00e0 Start Bay pendant deux jours<\/li><li>La Classic Channel Race en deux \u00e9tapes de Dartmouth \u00e0 St Peter Port et de St Peter Port \u00e0 Paimpol.<\/li><li>La r\u00e9gate du Tour de l\u2019\u00cele de Br\u00e9hat<\/li><\/ul>\n\n\n\n<p>Il y a aussi plusieurs soir\u00e9es organis\u00e9es, des remises de prix et un piquenique pour les \u00e9quipages au cours de la semaine. Des prix sont d\u00e9cern\u00e9s pour chaque course et pour la performance globale d&rsquo;un bateau dans la r\u00e9gate.<br>Chaque bateau a un handicap ou \u00ab&nbsp;rating&nbsp;\u00bb bas\u00e9 sur ses dimensions de mani\u00e8re \u00e0 donner \u00e0 chaque bateau<br>une chance \u00e9gale de gagner. Il y a aussi le troph\u00e9e \u00ab\u00a0Spirit of the Regatta\u00a0\u00bb qui est d\u00e9cern\u00e9 au bateau qui a le<br>plus fait pour respecter l&rsquo;esprit Corinthien de la r\u00e9gate.<\/p>\n\n\n\n<h3 class=\"wp-block-heading\">\u00c9v\u00e9nements pour les spectateurs :<\/h3>\n\n\n\n<p>Pour int\u00e9resser les spectateurs ainsi que les members des equipages, de nombreuses activit\u00e9s sur l\u2019eau et \u00e0<br>terre sont organis\u00e9es.<\/p>\n\n\n\n<ul class=\"wp-block-list\"><li>Une parade \u00e0 la voile devant Dartmouth et amarrage des bateaux au port.<\/li><li>La course \u00e0 Start Bay peut \u00eatre vue depuis la c\u00f4te sud de Dartmouth.<\/li><li>Entr\u00e9e dans l&rsquo;\u00e9cluse de Paimpol apr\u00e8s la course depuis Guernesey, le tout au son de la musique du Bagad.<\/li><li>La populaire \u00ab\u00a0Danse des Classiques\u00a0\u00bb est id\u00e9ale pour les spectateurs qui peuvent suivre id\u00e9alement le spectacle depuis des bateaux d\u00e9di\u00e9s comme, par exemple, une \u00ab\u00a0Vedette de Br\u00e9hat\u00a0\u00bb ou des bateau traditionnels .<\/li><li>Entr\u00e9e au port de Paimpol sous voile en parade apr\u00e8s la \u201cDanse des Classiques\u201d et amarrage des bateaux dans le bassin.<\/li><li>Le village dela R\u00e9gate \u00e0 Paimpol avec stands et animations ainsi que les festivities sur le port.<\/li><li>Sorties touristiques et animations sportives pour les \u00e9quipages \u00e0 Paimpol et aux environs.<\/li><\/ul>\n","protected":false},"excerpt":{"rendered":"<p>Qu&rsquo;est-ce que la Classic Channel Regatta? La Classic Channel Regatta est un \u00e9v\u00e8nement international de r\u00e9f\u00e9rence dans le monde de la voile classique: D\u00e9crit par les concurrents de la derni\u00e8re \u00e9dition comme \u00ab\u00a0la plus belle r\u00e9gate du monde\u00a0\u00bb et aussi \u00ab\u00a0c&rsquo;est plus qu&rsquo;une simple r\u00e9gate; c&rsquo;est un bienfait pour la vie !\u00a0\u00bb. La r\u00e9gate attire [&hellip;]<\/p>\n","protected":false},"author":3,"featured_media":0,"parent":0,"menu_order":0,"comment_status":"closed","ping_status":"closed","template":"","meta":{"_acf_changed":false,"footnotes":""},"class_list":["post-4277","page","type-page","status-publish","hentry"],"acf":[],"_links":{"self":[{"href":"https:\/\/www.classic-channel-regatta.eu\/fr\/wp-json\/wp\/v2\/pages\/4277","targetHints":{"allow":["GET"]}}],"collection":[{"href":"https:\/\/www.classic-channel-regatta.eu\/fr\/wp-json\/wp\/v2\/pages"}],"about":[{"href":"https:\/\/www.classic-channel-regatta.eu\/fr\/wp-json\/wp\/v2\/types\/page"}],"author":[{"embeddable":true,"href":"https:\/\/www.classic-channel-regatta.eu\/fr\/wp-json\/wp\/v2\/users\/3"}],"replies":[{"embeddable":true,"href":"https:\/\/www.classic-channel-regatta.eu\/fr\/wp-json\/wp\/v2\/comments?post=4277"}],"version-history":[{"count":0,"href":"https:\/\/www.classic-channel-regatta.eu\/fr\/wp-json\/wp\/v2\/pages\/4277\/revisions"}],"wp:attachment":[{"href":"https:\/\/www.classic-channel-regatta.eu\/fr\/wp-json\/wp\/v2\/media?parent=4277"}],"curies":[{"name":"wp","href":"https:\/\/api.w.org\/{rel}","templated":true}]}}