{"id":4275,"date":"2025-05-20T08:31:14","date_gmt":"2025-05-20T08:31:14","guid":{"rendered":"http:\/\/classicregatta.staging.wpengine.com\/about-the-regatta\/spirit-of-regatta-trophy\/"},"modified":"2025-09-02T13:02:16","modified_gmt":"2025-09-02T13:02:16","slug":"trophies","status":"publish","type":"page","link":"https:\/\/www.classic-channel-regatta.eu\/fr\/trophies\/","title":{"rendered":"Trophies"},"content":{"rendered":"<div class=\"display-card\">\r\n<h3>Troph\u00e9es<\/h3>\r\n\r\n<p>Outre les prix d\u00e9cern\u00e9s pour la course, nous d\u00e9cernons \u00e9galement le Troph\u00e9e Spirit of the Regatta, le Troph\u00e9e Doug Briscoe (demi-mod\u00e8le de Stormy Weather) dans l&rsquo;esprit de la voile longue distance et le Troph\u00e9e Dead Eye pour le yacht le mieux restaur\u00e9 de la r\u00e9gate. Il existe \u00e9galement des prix pour la Danse des Classiques, le Kim Holman Salver pour la meilleure performance d&rsquo;une de ses cr\u00e9ations et le Twister Class Trophy.<\/p>\r\n\r\n<p>Pour chaque r\u00e9gate depuis 2011, nous avons command\u00e9 une peinture originale pour repr\u00e9senter l&rsquo;esprit de la r\u00e9gate. Cette peinture est reprise dans notre communication pour la r\u00e9gate et l&rsquo;original ou l&rsquo;impression d&rsquo;art encadr\u00e9e est pr\u00e9sent\u00e9 comme le \u00ab Troph\u00e9e de l&rsquo;esprit de la r\u00e9gate \u00bb \u00e0 la fin de la r\u00e9gate et est remis au bateau et \u00e0 l&rsquo;\u00e9quipage qui ont le mieux repr\u00e9sent\u00e9 le \u201cCorinthian ethos\u201d de la r\u00e9gate.<\/p>\r\n<p>Le tableau Spirit of the Regatta 2024 s\u2019appelle \u201cpeinture na\u00efve Paimpolaise\u201d \u2013 il \u00e9voque l\u2019ambiance joyeuse du port de Paimpol \u00ab en r\u00e9gate \u00bb pour la Classic Channel Regatta. Le Troph\u00e9e est une peinture originale de Vivien Thorogood.<\/p>\r\n\r\n<\/div>\r\n<div class=\"display-card\">\r\n<h3>Le troph\u00e9e de l\u2019Esprit de la R\u00e9gate<\/h3>\r\n<p>Pour chaque r\u00e9gate depuis 2011, nous avons command\u00e9 une peinture originale pour repr\u00e9senter l&rsquo;esprit de la r\u00e9gate. Il figure dans notre publicit\u00e9 pour la r\u00e9gate et l&rsquo;impression d&rsquo;art originale ou encadr\u00e9e est pr\u00e9sent\u00e9e comme le \u00ab Troph\u00e9e de L&rsquo;esprit de la R\u00e9gate \u00bb \u00e0 la fin de la r\u00e9gate au bateau et \u00e0 l&rsquo;\u00e9quipage qui ont le mieux repr\u00e9sent\u00e9 l&rsquo;\u00e9thique corinthienne de la r\u00e9gate. La peinture 2022 L\u2019esprit de la R\u00e9gate ci-dessous est un original de l&rsquo;artiste na\u00efve Vivien Thorogood.<\/p>\r\n<p><\/p>\r\n\r\n<figure class=\"wp-block-image size-full\"><img loading=\"lazy\" decoding=\"async\" width=\"640\" height=\"640\" src=\"https:\/\/www.classic-channel-regatta.eu\/wp-content\/uploads\/2023\/12\/2024-Spirit-of-the-Regatta-Painting-640.jpg\" alt=\"\" class=\"wp-image-11679\" style=\"object-fit:cover\" srcset=\"https:\/\/www.classic-channel-regatta.eu\/wp-content\/uploads\/2023\/12\/2024-Spirit-of-the-Regatta-Painting-640.jpg 640w, https:\/\/www.classic-channel-regatta.eu\/wp-content\/uploads\/2023\/12\/2024-Spirit-of-the-Regatta-Painting-640-300x300.jpg 300w, https:\/\/www.classic-channel-regatta.eu\/wp-content\/uploads\/2023\/12\/2024-Spirit-of-the-Regatta-Painting-640-200x200.jpg 200w\" sizes=\"auto, (max-width: 640px) 100vw, 640px\" \/><\/figure>\r\n\r\n<p>Les anciens laur\u00e9ats l&rsquo;ont \u00e9t\u00e9 :<\/p>\r\n\r\n<p>2007 \u2013 Clarionet<\/p>\r\n\r\n\r\n\r\n<p>2009 \u2013 Cervantes IV<\/p>\r\n\r\n\r\n\r\n<p>2011 \u2013 Triune of Troy<\/p>\r\n\r\n\r\n\r\n<p>2013 \u2013 Marianna<\/p>\r\n\r\n\r\n\r\n<p>2015 \u2013 Manduvi<\/p>\r\n\r\n\r\n\r\n<p>2017 \u2013 Lodestar<\/p>\r\n\r\n\r\n\r\n<p>2019 &#8211; Kraken II<\/p>\r\n\r\n\r\n\r\n<p>2022 &#8211; Viveza<\/p>\r\n\r\n\r\n<p>2024 &#8211; Kraken II<\/p>\r\n\r\n<p>Les peintures et artistes pr\u00e9c\u00e9dents de \u201cSpirit of the Regatta\u201d :<\/p>\r\n<p>En 2017, nous avions fait le choix d&rsquo;une aquarelle de l&rsquo;artiste paimpolaise Isabelle Lagrange Plumier. Son livre \u00ab\u00a0Des hommes au service des Phares\u00a0\u00bb a \u00e9t\u00e9 r\u00e9compens\u00e9 lors de la Classic Channel Regatta de 2015.<\/p>\r\n<p>En 2015, 2013 et 2011, le c\u00e9l\u00e8bre artiste paimpolaise Guy L&rsquo;Hostis a \u00e9t\u00e9 l&rsquo;artiste \u00ab\u00a0\u00e0 bord\u00a0\u00bb de la r\u00e9gate. La galerie et le studio de Guy L&rsquo;Hostis sont d&rsquo;ailleurs situ\u00e9s \u00e0 : 13 rue des Huit Patriotes, 22500 Paimpol.<\/p>\r\n\t\t\t\t\t\t<div class=\"gallery_box_single\">\n\t\t\t\t\t\t\t\t\t\t\t\t\t\t\t<div class=\"gallery gllr_grid\" data-gllr-columns=\"4\" data-gllr-border-width=\"10\">\n\t\t\t\t\t\t\t\t\t\t\t\t\t\t\t\t\t\t\t\t<div class=\"gllr_image_row\">\n\t\t\t\t\t\t\t\t\t\t\t\t\t\t\t\t\t\t\t\t\t<div class=\"gllr_image_block\">\n\t\t\t\t\t\t\t\t\t\t\t\t<p style=\"\n\t\t\t\t\t\t\t\t\t\t\t\twidth:220px;height:220px;\t\t\t\t\t\t\t\t\t\t\t\t\">\n\t\t\t\t\t\t\t\t\t\t\t\t\t\t\t\t\t\t\t\t\t\t\t\t\t\t\t\t<a data-fancybox=\"gallery_fancybox_8494\" href=\"https:\/\/www.classic-channel-regatta.eu\/wp-content\/uploads\/2018\/06\/2015-picture-high-res.eml-2-100-733.jpg\" title=\"2015\" >\n\t\t\t\t\t\t\t\t\t\t\t\t\t\t\t\t<img decoding=\"async\" width=&quot;200&quot; height=&quot;200&quot; style=\"width:200px; height:200px; border-width: 10px; border-color:#f1f1f1;border: 10px solid #f1f1f1\" alt=\"\" title=\"2015\" src=\"https:\/\/www.classic-channel-regatta.eu\/wp-content\/uploads\/2018\/06\/2015-picture-high-res.eml-2-100-733-200x200.jpg\" rel=\"https:\/\/www.classic-channel-regatta.eu\/wp-content\/uploads\/2018\/06\/2015-picture-high-res.eml-2-100-733.jpg\" \/>\t\t\t\t\t\t\t\t\t\t\t\t\t\t\t<\/a>\n\t\t\t\t\t\t\t\t\t\t\t\t\t\t\t\t\t\t\t\t\t\t\t\t\t\t<\/p>\n\t\t\t\t\t\t\t\t\t\t\t\t\t\t\t\t\t\t\t\t\t\t\t\t\t<div \n\t\t\t\t\t\t\t\t\t\t\t\t\tstyle=\"width:220px;\"\t\t\t\t\t\t\t\t\t\t\t\t\tclass=\"gllr_single_image_text gllr_single_image_text_under\">2015&nbsp;<\/div>\n\t\t\t\t\t\t\t\t\t\t\t\t\t\t\t\t\t\t\t\t\t\t\t<\/div><!-- .gllr_image_block -->\n\t\t\t\t\t\t\t\t\t\t\t\t\t\t\t\t\t\t\t\t\t<div class=\"gllr_image_block\">\n\t\t\t\t\t\t\t\t\t\t\t\t<p style=\"\n\t\t\t\t\t\t\t\t\t\t\t\twidth:220px;height:220px;\t\t\t\t\t\t\t\t\t\t\t\t\">\n\t\t\t\t\t\t\t\t\t\t\t\t\t\t\t\t\t\t\t\t\t\t\t\t\t\t\t\t<a data-fancybox=\"gallery_fancybox_8494\" href=\"https:\/\/www.classic-channel-regatta.eu\/wp-content\/uploads\/2018\/06\/2013-painting.jpg\" title=\"2013\" >\n\t\t\t\t\t\t\t\t\t\t\t\t\t\t\t\t<img decoding=\"async\" width=&quot;200&quot; height=&quot;200&quot; style=\"width:200px; height:200px; border-width: 10px; border-color:#f1f1f1;border: 10px solid #f1f1f1\" alt=\"\" title=\"2013\" src=\"https:\/\/www.classic-channel-regatta.eu\/wp-content\/uploads\/2018\/06\/2013-painting-200x200.jpg\" rel=\"https:\/\/www.classic-channel-regatta.eu\/wp-content\/uploads\/2018\/06\/2013-painting.jpg\" \/>\t\t\t\t\t\t\t\t\t\t\t\t\t\t\t<\/a>\n\t\t\t\t\t\t\t\t\t\t\t\t\t\t\t\t\t\t\t\t\t\t\t\t\t\t<\/p>\n\t\t\t\t\t\t\t\t\t\t\t\t\t\t\t\t\t\t\t\t\t\t\t\t\t<div \n\t\t\t\t\t\t\t\t\t\t\t\t\tstyle=\"width:220px;\"\t\t\t\t\t\t\t\t\t\t\t\t\tclass=\"gllr_single_image_text gllr_single_image_text_under\">2013&nbsp;<\/div>\n\t\t\t\t\t\t\t\t\t\t\t\t\t\t\t\t\t\t\t\t\t\t\t<\/div><!-- .gllr_image_block -->\n\t\t\t\t\t\t\t\t\t\t\t\t\t\t\t\t\t\t\t\t\t<div class=\"gllr_image_block\">\n\t\t\t\t\t\t\t\t\t\t\t\t<p style=\"\n\t\t\t\t\t\t\t\t\t\t\t\twidth:220px;height:220px;\t\t\t\t\t\t\t\t\t\t\t\t\">\n\t\t\t\t\t\t\t\t\t\t\t\t\t\t\t\t\t\t\t\t\t\t\t\t\t\t\t\t<a data-fancybox=\"gallery_fancybox_8494\" href=\"https:\/\/www.classic-channel-regatta.eu\/wp-content\/uploads\/2018\/06\/2011-painting.jpg\" title=\"2011\" >\n\t\t\t\t\t\t\t\t\t\t\t\t\t\t\t\t<img decoding=\"async\" width=&quot;200&quot; height=&quot;200&quot; style=\"width:200px; height:200px; border-width: 10px; border-color:#f1f1f1;border: 10px solid #f1f1f1\" alt=\"\" title=\"2011\" src=\"https:\/\/www.classic-channel-regatta.eu\/wp-content\/uploads\/2018\/06\/2011-painting-200x200.jpg\" rel=\"https:\/\/www.classic-channel-regatta.eu\/wp-content\/uploads\/2018\/06\/2011-painting.jpg\" \/>\t\t\t\t\t\t\t\t\t\t\t\t\t\t\t<\/a>\n\t\t\t\t\t\t\t\t\t\t\t\t\t\t\t\t\t\t\t\t\t\t\t\t\t\t<\/p>\n\t\t\t\t\t\t\t\t\t\t\t\t\t\t\t\t\t\t\t\t\t\t\t\t\t<div \n\t\t\t\t\t\t\t\t\t\t\t\t\tstyle=\"width:220px;\"\t\t\t\t\t\t\t\t\t\t\t\t\tclass=\"gllr_single_image_text gllr_single_image_text_under\">2011&nbsp;<\/div>\n\t\t\t\t\t\t\t\t\t\t\t\t\t\t\t\t\t\t\t\t\t\t\t<\/div><!-- .gllr_image_block -->\n\t\t\t\t\t\t\t\t\t\t\t\t\t\t\t\t\t\t\t\t\t<div class=\"clear\"><\/div>\n\t\t\t\t\t\t\t\t\t\t<\/div><!-- .gllr_image_row -->\n\t\t\t\t\t\t\t\t\t\t\t\t\t\t\t\t\t<\/div><!-- .gallery.clearfix -->\n\t\t\t\t\t\t\t\t\t\t\t\t\t\t<\/div><!-- .gallery_box_single -->\n\t\t\t\t\t\t<div class=\"gllr_clear\"><\/div>\n\t\t\t\t\t\t\r\n\r\n<\/div>","protected":false},"excerpt":{"rendered":"<p>Troph\u00e9es Outre les prix d\u00e9cern\u00e9s pour la course, nous d\u00e9cernons \u00e9galement le Troph\u00e9e Spirit of the Regatta, le Troph\u00e9e Doug Briscoe (demi-mod\u00e8le de Stormy Weather) dans l&rsquo;esprit de la voile longue distance et le Troph\u00e9e Dead Eye pour le yacht le mieux restaur\u00e9 de la r\u00e9gate. Il existe \u00e9galement des prix pour la Danse des [&hellip;]<\/p>\n","protected":false},"author":7,"featured_media":0,"parent":0,"menu_order":0,"comment_status":"open","ping_status":"closed","template":"","meta":{"_acf_changed":false,"footnotes":""},"class_list":["post-4275","page","type-page","status-publish","hentry"],"acf":[],"_links":{"self":[{"href":"https:\/\/www.classic-channel-regatta.eu\/fr\/wp-json\/wp\/v2\/pages\/4275","targetHints":{"allow":["GET"]}}],"collection":[{"href":"https:\/\/www.classic-channel-regatta.eu\/fr\/wp-json\/wp\/v2\/pages"}],"about":[{"href":"https:\/\/www.classic-channel-regatta.eu\/fr\/wp-json\/wp\/v2\/types\/page"}],"author":[{"embeddable":true,"href":"https:\/\/www.classic-channel-regatta.eu\/fr\/wp-json\/wp\/v2\/users\/7"}],"replies":[{"embeddable":true,"href":"https:\/\/www.classic-channel-regatta.eu\/fr\/wp-json\/wp\/v2\/comments?post=4275"}],"version-history":[{"count":3,"href":"https:\/\/www.classic-channel-regatta.eu\/fr\/wp-json\/wp\/v2\/pages\/4275\/revisions"}],"predecessor-version":[{"id":12966,"href":"https:\/\/www.classic-channel-regatta.eu\/fr\/wp-json\/wp\/v2\/pages\/4275\/revisions\/12966"}],"wp:attachment":[{"href":"https:\/\/www.classic-channel-regatta.eu\/fr\/wp-json\/wp\/v2\/media?parent=4275"}],"curies":[{"name":"wp","href":"https:\/\/api.w.org\/{rel}","templated":true}]}}