{"id":4273,"date":"2017-11-08T09:13:24","date_gmt":"2017-11-08T09:13:24","guid":{"rendered":"http:\/\/classicregatta.staging.wpengine.com\/about-the-regatta\/press-information\/"},"modified":"2025-06-03T19:42:15","modified_gmt":"2025-06-03T19:42:15","slug":"press-information","status":"publish","type":"page","link":"https:\/\/www.classic-channel-regatta.eu\/fr\/press-information\/","title":{"rendered":"Press Information"},"content":{"rendered":"<div class=\"display-card\">\n<h2>Information de presse<\/h2>\n<p><strong>Communiqu\u00e9s de presse<\/strong><\/p>\n<p>Alors que nous comptons sur l&rsquo;\u00e9v\u00e9nement 2019, veuillez trouver ci-dessous tous nos derniers communiqu\u00e9s de presse sur les r\u00e9gates de la Cha\u00eene Classique.<\/p>\n<\/p>\n<p><strong>Photographies d&rsquo;\u00e9v\u00e9nement<\/strong><\/p>\n<p>Si vous souhaitez t\u00e9l\u00e9charger des photographies de haute qualit\u00e9 des \u00e9v\u00e9nements pr\u00e9c\u00e9dents, veuillez cliquer sur le bouton ci-dessous.<\/p>\n<p>Il est important de cr\u00e9diter les photographes r\u00e9pertori\u00e9s.<\/p>\n<p><a class=\"btn btn-2\" title=\"About the regatta\" href=\"https:\/\/www.classic-channel-regatta.eu\/fr\/about-the-regatta\/gallery-for-press\/\" target=\"_blank\" rel=\"noopener\">Photographie pour la presse<\/a><\/p>\n<p>(Vous aurez besoin d&rsquo;un mot de passe pour acc\u00e9der aux photos. Si vous souhaitez avoir acc\u00e8s et ne pas avoir oubli\u00e9 le mot de passe, veuillez <a href=\"https:\/\/www.classic-channel-regatta.eu\/fr\/contact-guy\/\">contacter Guy<\/a><span class=\"m_-7002204100318588300Apple-converted-space\">.<\/span>)<\/p>\n<\/p>\n<p><strong>Information additionnelle<\/strong><\/p>\n<p>Si vous avez besoin d\u2019informations suppl\u00e9mentaires sur l\u2019\u00e9v\u00e9nement ou souhaitez obtenir des citations ou des interviews du comit\u00e9 d\u2019organisation, veuillez <a href=\"https:\/\/www.classic-channel-regatta.eu\/contact\/\">entrer en contact<\/a>.<\/p>\n<\/div>\n","protected":false},"excerpt":{"rendered":"<p>Information de presse Communiqu\u00e9s de presse Alors que nous comptons sur l&rsquo;\u00e9v\u00e9nement 2019, veuillez trouver ci-dessous tous nos derniers communiqu\u00e9s de presse sur les r\u00e9gates de la Cha\u00eene Classique. Photographies d&rsquo;\u00e9v\u00e9nement Si vous souhaitez t\u00e9l\u00e9charger des photographies de haute qualit\u00e9 des \u00e9v\u00e9nements pr\u00e9c\u00e9dents, veuillez cliquer sur le bouton ci-dessous. Il est important de cr\u00e9diter les [&hellip;]<\/p>\n","protected":false},"author":3,"featured_media":0,"parent":0,"menu_order":0,"comment_status":"closed","ping_status":"closed","template":"","meta":{"_acf_changed":false,"footnotes":""},"class_list":["post-4273","page","type-page","status-publish","hentry"],"acf":[],"_links":{"self":[{"href":"https:\/\/www.classic-channel-regatta.eu\/fr\/wp-json\/wp\/v2\/pages\/4273","targetHints":{"allow":["GET"]}}],"collection":[{"href":"https:\/\/www.classic-channel-regatta.eu\/fr\/wp-json\/wp\/v2\/pages"}],"about":[{"href":"https:\/\/www.classic-channel-regatta.eu\/fr\/wp-json\/wp\/v2\/types\/page"}],"author":[{"embeddable":true,"href":"https:\/\/www.classic-channel-regatta.eu\/fr\/wp-json\/wp\/v2\/users\/3"}],"replies":[{"embeddable":true,"href":"https:\/\/www.classic-channel-regatta.eu\/fr\/wp-json\/wp\/v2\/comments?post=4273"}],"version-history":[{"count":0,"href":"https:\/\/www.classic-channel-regatta.eu\/fr\/wp-json\/wp\/v2\/pages\/4273\/revisions"}],"wp:attachment":[{"href":"https:\/\/www.classic-channel-regatta.eu\/fr\/wp-json\/wp\/v2\/media?parent=4273"}],"curies":[{"name":"wp","href":"https:\/\/api.w.org\/{rel}","templated":true}]}}