{"id":4271,"date":"2018-05-24T11:50:23","date_gmt":"2018-05-24T11:50:23","guid":{"rendered":"http:\/\/classicregatta.staging.wpengine.com\/about-the-regatta\/participant-feedback\/"},"modified":"2024-11-08T19:21:32","modified_gmt":"2024-11-08T19:21:32","slug":"participant-feedback","status":"publish","type":"page","link":"https:\/\/www.classic-channel-regatta.eu\/fr\/participant-feedback\/","title":{"rendered":"Participant Feedback"},"content":{"rendered":"<h1>Retours sur la R\u00e9gate<\/h1>\n<hr \/>\n<p><em>\u201cLa plus belle r\u00e9gate du monde.\u201d<\/em><\/p>\n<p>Gaspard de la Nuit \u2013 2019<\/p>\n<hr \/>\n<p><em>\u201cJe veux vous remercier d\u2019avoir organis\u00e9 ce que nous avons convenu \u00e0 l\u2019unanimit\u00e9 comme la meilleure r\u00e9gate que nous ayons jamais v\u00e9cu. Avec plus de 200 ans d\u2019exp\u00e9rience en navigation de r\u00e9gate \u00e0 bord, nous avons tous \u00e9t\u00e9 d&rsquo;accord. Le programme \u00e9tait excellent, les port d&rsquo;accueil superbes, l\u2019administration et la gestion des r\u00e9gates impeccables.\u201d<\/em><\/p>\n<p>Polar Bear \u2013 2019<\/p>\n<hr \/>\n<p><em>\u201cVous pouvez \u00eatre s\u00fbr que la r\u00e9gate 2019 a \u00e9t\u00e9 un triomphe. Nous avons pass\u00e9 un excellent moment. La meilleure r\u00e9gate qui soit.\u201d<\/em><\/p>\n<p>Charm of Rhu \u2013 2019<\/p>\n<hr \/>\n<p><em>\u201cC\u2019est la plus belle Regate classique de la fa\u00e7ade atlantique!\u201d<\/em><\/p>\n<p>J-C F. Lasse \u2013 2019<\/p>\n<hr \/>\n<p><em>\u201cMon nouvel \u00e9quipage a ador\u00e9 l\u2019\u00e9v\u00e9nement et ce fut le point culminant de mon ann\u00e9e nautique.\u201d<\/em><\/p>\n<p>Rompa -2019<\/p>\n<hr \/>\n<p><em>\u201cBrilliante!\u201d<\/em><\/p>\n<p>Viveza -2019<\/p>\n<hr \/>\n<p><em>\u201cC\u2019est plus qu\u2019une simple r\u00e9gate\u2026 c\u2019est une communion marine avec la vie!\u201d<\/em><\/p>\n<p>Lodestar -2019<\/p>\n<hr \/>\n<p><em>Pour votre information, l\u2019\u00e9quipage du\u00a0Charm of Rhu\u00a0a class\u00e9 la Classic Channel Regatta de cette ann\u00e9e comme la meilleure semaine de navigation qu\u2019il ait jamais v\u00e9cue. Vous avez fait un boulot fantastique. Non seulement la navigation mais toute l\u2019atmosph\u00e8re \u00e9tait sublime. Comme l\u2019a dit le G\u00e9n\u00e9ral MacArthur, \u201cNous reviendrons\u00a0\u00bb.<\/em><\/p>\n<p>Charm of Rhu &#8211; 2017<\/p>\n<hr \/>\n<p><em>Quel triomphe cette r\u00e9gate ! Vous devez avoir \u00e9t\u00e9 ravi que les conditions aient \u00e9t\u00e9 excellentes et que beaucoup de monde s\u2019y soit autant amus\u00e9. Je vous tire mon chapeau pour avoir cr\u00e9\u00e9 un \u00e9v\u00e8nement si dynamique \u00e0 partir de rien ! Ayant moi-m\u00eame organis\u00e9 quelques plus petites r\u00e9gates, je me rends bien compte la masse de travail que cela demande, et celle-ci a \u00e9t\u00e9 un grand succ\u00e8s. Merci d\u2019avoir donn\u00e9 de votre temps et de votre \u00e9nergie aussi g\u00e9n\u00e9reusement pour le plaisir de tous.<\/em><\/p>\n<p>Sonata &#8211; 2017<\/p>\n<hr \/>\n<p><em>Je ne peux vous dire \u00e0 quel point j\u2019ai appr\u00e9ci\u00e9 cette merveilleuse r\u00e9gate, c\u2019\u00e9tait un immense plaisir de m\u2019y \u00eatre inscrit et d\u2019y avoir particip\u00e9, un r\u00e9gal pour les yeux avec tous ces jolis navires par\u00e9s de leurs plus beaux atours &#8230; L\u2019accueil que les Fran\u00e7ais nous ont donn\u00e9, et l\u2019organisation et la peine qu\u2019ils ont eues pour nous faire rentrer tous \u00e0 Paimpol et \u00e0 L\u00e9zardrieux dans les d\u00e9lais, \u00e9taient tr\u00e8s impressionnantes.<\/em><\/p>\n<p>Mikara &#8211; 2017<\/p>\n<hr \/>\n<p><em>Comme toujours, c\u2019est un immense plaisir et honneur d\u2019y participer.\u00a0<\/em><em>Bien jou\u00e9, et merci \u00e0 toute l\u2019\u00e9quipe pour l\u2019organisation &#8211; le programme de cette ann\u00e9e \u00e9tait particuli\u00e8rement sympathique.\u00a0<\/em><\/p>\n<p>Cervantes IV \u2013 2017<\/p>\n<hr \/>\n<p><em>Quel privil\u00e8ge d\u2019avoir \u00e9t\u00e9 accept\u00e9 dans un groupe de gens enthousiastes et de bateaux d\u2019une grande diversit\u00e9 de caract\u00e8re, d\u2019h\u00e9ritage et de type ; merci \u00e0 tous pour ce cadre. L\u2019ajout de l\u2019historique de chaque participant \u00e9tait une touche parfaite, et nous a aussi aid\u00e9 \u00e0 devenir bilingues avec l\u2019histoire de nos bateaux.<\/em><\/p>\n<p>Woodwind &#8211; gagnant g\u00e9n\u00e9ral de la r\u00e9gate de 2017<\/p>\n<hr \/>\n<p><em>L\u2019\u00e9quipage d\u2019Ella voudrait tous vous remercier pour une r\u00e9gate des plus fabuleuses. Nous avons pass\u00e9 un tr\u00e8s bon temps et nous sommes m\u00eame revenus avec des prix tels que l\u2019insaisissable Gin Salcombe et une paire de bottes Dubarry !!\u00a0<\/em><em>Le planning est d\u00e9j\u00e0 pr\u00e9vu pour la prochaine \u00e9dition.\u00a0<\/em><\/p>\n<p>Ella &#8211; 2017<\/p>\n<hr \/>\n<p><em>Pour nous tous qui avons navigu\u00e9 avec Tamarind nous souhaiterions dire merci \u00e0 tous ceux qui ont organis\u00e9 la Channel Regatta &#8211; nous avons pass\u00e9 une semaine merveilleuse et je sais que je vais peiner \u00e0 trouver des couchettes pour tous ceux qui veulent en faire partie en 2019!<\/em><\/p>\n<p>Tamarind &#8211; 2017<\/p>\n<hr \/>\n<p><em>Un grand merci \u00e0 vous et votre \u00e9quipe infatigable pour ce qui a \u00e9t\u00e9, sans question, une des meilleures exp\u00e9riences de voile de ma vie &#8230; La meilleure navigation de 10 jours que j\u2019ai v\u00e9cue.<\/em><\/p>\n<p>Ballyhoo &#8211; 2017<\/p>\n<hr \/>\n<p>&nbsp;<\/p>\n<p>&nbsp;<\/p>\n<p>&nbsp;<\/p>\n","protected":false},"excerpt":{"rendered":"<p>Retours sur la R\u00e9gate \u201cLa plus belle r\u00e9gate du monde.\u201d Gaspard de la Nuit \u2013 2019 \u201cJe veux vous remercier d\u2019avoir organis\u00e9 ce que nous avons convenu \u00e0 l\u2019unanimit\u00e9 comme la meilleure r\u00e9gate que nous ayons jamais v\u00e9cu. Avec plus de 200 ans d\u2019exp\u00e9rience en navigation de r\u00e9gate \u00e0 bord, nous avons tous \u00e9t\u00e9 d&rsquo;accord. [&hellip;]<\/p>\n","protected":false},"author":6,"featured_media":0,"parent":0,"menu_order":0,"comment_status":"open","ping_status":"closed","template":"","meta":{"_acf_changed":false,"footnotes":""},"class_list":["post-4271","page","type-page","status-publish","hentry"],"acf":[],"_links":{"self":[{"href":"https:\/\/www.classic-channel-regatta.eu\/fr\/wp-json\/wp\/v2\/pages\/4271","targetHints":{"allow":["GET"]}}],"collection":[{"href":"https:\/\/www.classic-channel-regatta.eu\/fr\/wp-json\/wp\/v2\/pages"}],"about":[{"href":"https:\/\/www.classic-channel-regatta.eu\/fr\/wp-json\/wp\/v2\/types\/page"}],"author":[{"embeddable":true,"href":"https:\/\/www.classic-channel-regatta.eu\/fr\/wp-json\/wp\/v2\/users\/6"}],"replies":[{"embeddable":true,"href":"https:\/\/www.classic-channel-regatta.eu\/fr\/wp-json\/wp\/v2\/comments?post=4271"}],"version-history":[{"count":0,"href":"https:\/\/www.classic-channel-regatta.eu\/fr\/wp-json\/wp\/v2\/pages\/4271\/revisions"}],"wp:attachment":[{"href":"https:\/\/www.classic-channel-regatta.eu\/fr\/wp-json\/wp\/v2\/media?parent=4271"}],"curies":[{"name":"wp","href":"https:\/\/api.w.org\/{rel}","templated":true}]}}