{"id":4267,"date":"2014-04-06T12:27:30","date_gmt":"2014-04-06T12:27:30","guid":{"rendered":"http:\/\/classicregatta.staging.wpengine.com\/about-the-regatta\/crab-association\/"},"modified":"2025-09-13T11:23:07","modified_gmt":"2025-09-13T11:23:07","slug":"crab-association","status":"publish","type":"page","link":"https:\/\/www.classic-channel-regatta.eu\/fr\/crab-association\/","title":{"rendered":"CRAB association"},"content":{"rendered":"<h1><strong>Comment est organis\u00e9e la r\u00e9gate?<\/strong><\/h1>\n<p>La CRAB (Classic Regattas Anglo-Breton) Association est une association <em>non constitu\u00e9e en personne morale<\/em> ayant pour but de p\u00e9renniser l\u2019ind\u00e9pendance de la r\u00e9gate et de permettre aux nouveaux membres de s\u2019exprimer sur l\u2019organisation et le d\u00e9veloppement de la r\u00e9gate.<\/p>\n<p>Le propri\u00e9taire ou skipper de chaque bateau inscrit dans la r\u00e9gate devient automatiquement un membre pour deux ans \u00e0 partir de la date de la r\u00e9gate et peut se d\u00e9sinscrire quand il le souhaite. Depuis 2017, les membres de l\u2019\u00e9quipage deviennent aussi des membres associ\u00e9s et paient une petite cotisation unique de \u00a35 ou 5\u20ac pour une adh\u00e9sion de 2 ans.<\/p>\n<p>A chaque r\u00e9gate, il y a une assembl\u00e9e g\u00e9n\u00e9rale pour \u00e9lire les dirigeants de l\u2019Association des deux prochaines ann\u00e9es et pour d\u00e9terminer le futur de l\u2019Association et de la r\u00e9gate. L\u2019organisation est ainsi v\u00e9ritablement d\u00e9mocratique et les nouveaux arrivants sont r\u00e9ellement partie prenante dans l\u2019organisation.<\/p>\n<p><a href=\"\/wp-content\/uploads\/2025\/09\/CRAB-Minutes-AGM-2024.pdf\" target=\"_blank\" rel=\"noopener\">Le proc\u00e8s-verbal de 2024<\/a><\/p>\n<p>La r\u00e9gate est g\u00e9r\u00e9e par une soci\u00e9t\u00e9 distincte, Classic Channel Regatta Ltd, qui est une soci\u00e9t\u00e9 \u00e0 responsabilit\u00e9 limit\u00e9e. Le conseil d\u2019administration de la soci\u00e9t\u00e9 a la charge de l\u2019Association, mais les directeurs et la gestion de la Soci\u00e9t\u00e9 sont juridiquement s\u00e9par\u00e9s de l\u2019Association et de ses membres. La responsabilit\u00e9 de la soci\u00e9t\u00e9 est limit\u00e9e \u00e0 un \u00a31 par membre (ou actionnaire). Au travers de ce montage, les membres de l\u2019association CRAB sont d\u00e9gag\u00e9s des responsabilit\u00e9s incombant \u00e0 la gestion de la soci\u00e9t\u00e9 Classic Channel Regatta Ltd. De plus, l\u2019Association et la Soci\u00e9t\u00e9 ont une assurance multirisques professionnelle \u00e0 hauteur de \u00a35 million.<\/p>\n<p><a href=\"https:\/\/www.classic-channel-regatta.eu\/wp-content\/uploads\/2014\/04\/Constitution-of-CRAB-Association-final-version.docx\" target=\"_blank\" rel=\"noopener\">Lire la constitution compl\u00e8te<\/a><\/p>\n<p>Afin que les membres de l\u2019Association et leurs \u00e9quipages puissent se rencontrer de temps \u00e0 autre entre les r\u00e9gates, nous avons mis en place un club amical \u201cCrab &amp; Bottle Club\u201d sans r\u00e9sidence fixe et qui se r\u00e9unit quand l\u2019envie lui prend. Ce sont des occasions de rencontres, de partages et l\u2019occasion de prendre des r\u00e9solutions pour l\u2019ann\u00e9e de voile \u00e0 venir. \u00a0Jusqu\u2019ici, ils se sont tenus \u00e0 Dartmouth et ont eu du succ\u00e8s, mais pourraient \u00eatre organis\u00e9s dans d\u2019autres lieux dans le futur.<\/p>\n<p>Si vous voulez devenir un membre associ\u00e9 \u00e0 l\u2019association CRAB, veuillez contacter:<\/p>\n<p><strong>UK<\/strong>:\u00a0<a href=\"https:\/\/www.classic-channel-regatta.eu\/fr\/contact-infouk\/\">Cliquez ici<\/a><a href=\"mailto:infouk@classic-channel-regatta.eu\"><br \/>\n<\/a><strong>France and Europe continentale :<\/strong>\u00a0<a href=\"https:\/\/www.classic-channel-regatta.eu\/fr\/contact-infofrance\/\">Cliquez ici<\/a><\/p>\n","protected":false},"excerpt":{"rendered":"<p>Comment est organis\u00e9e la r\u00e9gate? La CRAB (Classic Regattas Anglo-Breton) Association est une association non constitu\u00e9e en personne morale ayant pour but de p\u00e9renniser l\u2019ind\u00e9pendance de la r\u00e9gate et de permettre aux nouveaux membres de s\u2019exprimer sur l\u2019organisation et le d\u00e9veloppement de la r\u00e9gate. Le propri\u00e9taire ou skipper de chaque bateau inscrit dans la r\u00e9gate [&hellip;]<\/p>\n","protected":false},"author":1,"featured_media":0,"parent":0,"menu_order":0,"comment_status":"open","ping_status":"open","template":"","meta":{"_acf_changed":false,"footnotes":""},"class_list":["post-4267","page","type-page","status-publish","hentry"],"acf":[],"_links":{"self":[{"href":"https:\/\/www.classic-channel-regatta.eu\/fr\/wp-json\/wp\/v2\/pages\/4267","targetHints":{"allow":["GET"]}}],"collection":[{"href":"https:\/\/www.classic-channel-regatta.eu\/fr\/wp-json\/wp\/v2\/pages"}],"about":[{"href":"https:\/\/www.classic-channel-regatta.eu\/fr\/wp-json\/wp\/v2\/types\/page"}],"author":[{"embeddable":true,"href":"https:\/\/www.classic-channel-regatta.eu\/fr\/wp-json\/wp\/v2\/users\/1"}],"replies":[{"embeddable":true,"href":"https:\/\/www.classic-channel-regatta.eu\/fr\/wp-json\/wp\/v2\/comments?post=4267"}],"version-history":[{"count":2,"href":"https:\/\/www.classic-channel-regatta.eu\/fr\/wp-json\/wp\/v2\/pages\/4267\/revisions"}],"predecessor-version":[{"id":13008,"href":"https:\/\/www.classic-channel-regatta.eu\/fr\/wp-json\/wp\/v2\/pages\/4267\/revisions\/13008"}],"wp:attachment":[{"href":"https:\/\/www.classic-channel-regatta.eu\/fr\/wp-json\/wp\/v2\/media?parent=4267"}],"curies":[{"name":"wp","href":"https:\/\/api.w.org\/{rel}","templated":true}]}}