{"id":4260,"date":"2018-05-24T12:08:48","date_gmt":"2018-05-24T12:08:48","guid":{"rendered":"http:\/\/classicregatta.staging.wpengine.com\/2019-results\/"},"modified":"2019-07-06T17:21:25","modified_gmt":"2019-07-06T17:21:25","slug":"2019-results","status":"publish","type":"page","link":"https:\/\/www.classic-channel-regatta.eu\/fr\/2019-results\/","title":{"rendered":"2019 Results"},"content":{"rendered":"<h1>2019 R\u00e9sultats<\/h1>\n<p>Les r\u00e9sultats g\u00e9n\u00e9raux de la r\u00e9gate seront disponibles en ligne apr\u00e8s la remise des prix<\/p>\n<ul>\n<li><a href=\"https:\/\/www.classic-channel-regatta.eu\/wp-content\/uploads\/2019\/07\/group-a-series-results.pdf\" target=\"_blank\" rel=\"noopener noreferrer\">R\u00e9sultats de la r\u00e9gate du groupe A<\/a><\/li>\n<li><a href=\"https:\/\/www.classic-channel-regatta.eu\/wp-content\/uploads\/2019\/07\/group-b-series-results.pdf\" target=\"_blank\" rel=\"noopener noreferrer\">R\u00e9sultats de la r\u00e9gate du groupe B<\/a><\/li>\n<li><a href=\"https:\/\/www.classic-channel-regatta.eu\/wp-content\/uploads\/2019\/07\/group-c-series-results.pdf\" target=\"_blank\" rel=\"noopener noreferrer\">R\u00e9sultats de la r\u00e9gate du groupe C<\/a><\/li>\n<li><a href=\"https:\/\/www.classic-channel-regatta.eu\/wp-content\/uploads\/2019\/07\/group-d-series-results.pdf\" target=\"_blank\" rel=\"noopener noreferrer\">R\u00e9sultats de la r\u00e9gate du groupe D<\/a><\/li>\n<\/ul>\n<p><strong>Les rejets<\/strong><\/p>\n<p>Les r\u00e9sultats globaux de la r\u00e9gate permettent d\u2019\u00e9carter les r\u00e9sultats d\u2019une journ\u00e9e de course de votre score total.<\/p>\n<p>La course du samedi \u00e0 Dartmouth n\u2019est pas incluse dans les r\u00e9sultats de la r\u00e9gate.<\/p>\n<p>La Lewmar Classic Channel Race ne peut \u00eatre \u00e9cart\u00e9e<\/p>\n<p>La Classic Jersey to Paimpol Race ne peut pas \u00eatre \u00e9cart\u00e9e.<\/p>\n<p>Nous allons \u00e9cart\u00e9e pour vous, soit<\/p>\n<p>\u2022 Course du dimanche (Course Salcombe Gin Bay)<br \/>\nou<br \/>\n\u2022 Courses de vendredi (les deux courses de Brehat)<\/p>\n","protected":false},"excerpt":{"rendered":"<p>2019 R\u00e9sultats Les r\u00e9sultats g\u00e9n\u00e9raux de la r\u00e9gate seront disponibles en ligne apr\u00e8s la remise des prix R\u00e9sultats de la r\u00e9gate du groupe A R\u00e9sultats de la r\u00e9gate du groupe B R\u00e9sultats de la r\u00e9gate du groupe C R\u00e9sultats de la r\u00e9gate du groupe D Les rejets Les r\u00e9sultats globaux de la r\u00e9gate permettent d\u2019\u00e9carter [&hellip;]<\/p>\n","protected":false},"author":6,"featured_media":0,"parent":0,"menu_order":0,"comment_status":"closed","ping_status":"open","template":"","meta":{"_acf_changed":false,"footnotes":""},"class_list":["post-4260","page","type-page","status-publish","hentry"],"acf":[],"_links":{"self":[{"href":"https:\/\/www.classic-channel-regatta.eu\/fr\/wp-json\/wp\/v2\/pages\/4260","targetHints":{"allow":["GET"]}}],"collection":[{"href":"https:\/\/www.classic-channel-regatta.eu\/fr\/wp-json\/wp\/v2\/pages"}],"about":[{"href":"https:\/\/www.classic-channel-regatta.eu\/fr\/wp-json\/wp\/v2\/types\/page"}],"author":[{"embeddable":true,"href":"https:\/\/www.classic-channel-regatta.eu\/fr\/wp-json\/wp\/v2\/users\/6"}],"replies":[{"embeddable":true,"href":"https:\/\/www.classic-channel-regatta.eu\/fr\/wp-json\/wp\/v2\/comments?post=4260"}],"version-history":[{"count":0,"href":"https:\/\/www.classic-channel-regatta.eu\/fr\/wp-json\/wp\/v2\/pages\/4260\/revisions"}],"wp:attachment":[{"href":"https:\/\/www.classic-channel-regatta.eu\/fr\/wp-json\/wp\/v2\/media?parent=4260"}],"curies":[{"name":"wp","href":"https:\/\/api.w.org\/{rel}","templated":true}]}}