{"id":11454,"date":"2023-12-02T17:16:27","date_gmt":"2023-12-02T17:16:27","guid":{"rendered":"https:\/\/dev.classic-channel-regatta.eu\/?page_id=11454"},"modified":"2025-09-21T09:07:14","modified_gmt":"2025-09-21T09:07:14","slug":"latest-news","status":"publish","type":"page","link":"https:\/\/www.classic-channel-regatta.eu\/fr\/latest-news\/","title":{"rendered":"Derni\u00e8res Nouvelles"},"content":{"rendered":"<div class=\"display-card\">\r\n<p>\r\n<a class=\"btn\" href=\"https:\/\/eepurl.com\/WXNW5\" target=\"_blank\" rel=\"noreferrer noopener\" > INSCRIVEZ-VOUS \u00c0 NOTRE NEWSLETTER<\/a>\r\n<\/p>\r\n<\/div>\r\n\r\n<div class=\"display-card\">\r\n<h3>Newsletters Pr\u00e9c\u00e9dentes<\/h3>\r\n\r\n<p>\r\n<style type=\"text\/css\">\r\n<!--\r\n.display_archive {font-family: catamaran, arial,verdana; font-size: 1.2em;}\r\n.campaign {line-height: 125%; margin: 10px;}\r\n\/\/-->\r\n<\/style>\r\n <script language=\"javascript\" src=\"\/\/classic-channel-regatta.us6.list-manage.com\/generate-js\/?u=4b9a8c79517acc910a34a49c5&#038;fid=23029&#038;show=20\" type=\"text\/javascript\"><\/script><\/p>\r\n\r\n<p>&nbsp;<\/p>\r\n\r\n\r\n<\/div>\r\n\r\n","protected":false},"excerpt":{"rendered":"<p>INSCRIVEZ-VOUS \u00c0 NOTRE NEWSLETTER Newsletters Pr\u00e9c\u00e9dentes &nbsp;<\/p>\n","protected":false},"author":7,"featured_media":0,"parent":0,"menu_order":0,"comment_status":"closed","ping_status":"closed","template":"","meta":{"_acf_changed":false,"footnotes":""},"class_list":["post-11454","page","type-page","status-publish","hentry"],"acf":[],"_links":{"self":[{"href":"https:\/\/www.classic-channel-regatta.eu\/fr\/wp-json\/wp\/v2\/pages\/11454","targetHints":{"allow":["GET"]}}],"collection":[{"href":"https:\/\/www.classic-channel-regatta.eu\/fr\/wp-json\/wp\/v2\/pages"}],"about":[{"href":"https:\/\/www.classic-channel-regatta.eu\/fr\/wp-json\/wp\/v2\/types\/page"}],"author":[{"embeddable":true,"href":"https:\/\/www.classic-channel-regatta.eu\/fr\/wp-json\/wp\/v2\/users\/7"}],"replies":[{"embeddable":true,"href":"https:\/\/www.classic-channel-regatta.eu\/fr\/wp-json\/wp\/v2\/comments?post=11454"}],"version-history":[{"count":3,"href":"https:\/\/www.classic-channel-regatta.eu\/fr\/wp-json\/wp\/v2\/pages\/11454\/revisions"}],"predecessor-version":[{"id":13029,"href":"https:\/\/www.classic-channel-regatta.eu\/fr\/wp-json\/wp\/v2\/pages\/11454\/revisions\/13029"}],"wp:attachment":[{"href":"https:\/\/www.classic-channel-regatta.eu\/fr\/wp-json\/wp\/v2\/media?parent=11454"}],"curies":[{"name":"wp","href":"https:\/\/api.w.org\/{rel}","templated":true}]}}