{"id":10874,"date":"2022-07-13T17:29:38","date_gmt":"2022-07-13T17:29:38","guid":{"rendered":"https:\/\/www.classic-channel-regatta.eu\/?page_id=10874"},"modified":"2022-10-16T17:17:05","modified_gmt":"2022-10-16T17:17:05","slug":"2022-photos-fr","status":"publish","type":"page","link":"https:\/\/www.classic-channel-regatta.eu\/fr\/2022-photos-fr\/","title":{"rendered":"2022 photos FR"},"content":{"rendered":"\n<p class=\"has-large-font-size\"><span class=\"has-inline-color has-vivid-cyan-blue-color\"><strong>Photos de la 2022 Classic Channel Regatta<\/strong><\/span><\/p>\n\n\n\n<p class=\"has-large-font-size\"><strong><span class=\"has-inline-color has-vivid-cyan-blue-color\">Photos officielles<\/span><\/strong><\/p>\n\n\n\n<p>Nous avons des photos fantastiques prises \u00e0 Dartmouth par notre photographe officielle Anne Cave-Penney. Ils sont organis\u00e9s en dossiers sur Flickr et vous pouvez les consulter en cliquant sur les liens ci-dessous. Il y a beaucoup de superbes photos et Anne a essay\u00e9 de prendre des photos de chaque bateau &#8211; donc le v\u00f4tre devrait \u00eatre l\u00e0 quelque part.<\/p>\n\n\n\n<p><strong><span class=\"has-inline-color has-vivid-cyan-blue-color\">Vous pouvez acheter des images haute r\u00e9solution des photographies<\/span><\/strong> d&rsquo;Anne pouvant \u00eatre agrandies et imprim\u00e9es &#8211; et elle a g\u00e9n\u00e9reusement accept\u00e9 de faire don de l&rsquo;argent \u00e0 notre association caritative Classic Young Sailors Foundation. L&rsquo;association a pour but d&rsquo;offrir des opportunit\u00e9s de navigation \u00e0 des jeunes qui n&rsquo;auraient pas autrement la possibilit\u00e9 ou les fonds n\u00e9cessaires pour partir en mer sur des bateaux classiques, en particulier ceux issus de milieux d\u00e9favoris\u00e9s. (En savoir plus sur la CYSF)<\/p>\n\n\n\n<p>Ces images de qualit\u00e9 professionnelle sont au prix de 12 \u20ac chacune &#8211; qui iront toutes \u00e0 l&rsquo;association caritative. Une fois que vous avez achet\u00e9 le fichier num\u00e9rique, vous pouvez en faire autant d&rsquo;impressions que vous le souhaitez. Ainsi, non seulement vous aurez un beau photo \u00e0 encadrer et \u00e0 accrocher au mur et\/ou \u00e0 offrir, mais vous permettrez \u00e9galement \u00e0 des jeunes m\u00e9ritants de partir en mer dans un bateau classique.<\/p>\n\n\n\n<p><span class=\"has-inline-color has-vivid-cyan-blue-color\"><strong>Comment acheter une image :<\/strong><\/span><\/p>\n\n\n\n<ul class=\"wp-block-list\"><li>Une fois que vous avez trouv\u00e9 la ou les photographies que vous souhaitez, notez la ou les r\u00e9f\u00e9rences &#8211; survolez une image et le num\u00e9ro de r\u00e9f\u00e9rence appara\u00eetra dans le coin inf\u00e9rieur &#8211; il sera sous la forme DSC_####<\/li><li>Utilisez le formulaire ci-dessous pour nous envoyer la liste des photos dont vous avez besoin<\/li><li>Une fois que vous avez soumis votre liste, vous serez redirig\u00e9 vers une page de confirmation o\u00f9 vous verrez un lien vers une page o\u00f9 vous pourrez effectuer votre paiement (12 \u20ac pour chaque image)<\/li><li>Une fois que nous aurons re\u00e7u votre paiement, nous vous enverrons le fichier haute r\u00e9solution directement du photographe (cela peut prendre un jour ou deux car il s&rsquo;agit d&rsquo;une op\u00e9ration manuelle)<\/li><\/ul>\n\n\n\n<p class=\"has-medium-font-size\"><a rel=\"noreferrer noopener\" href=\"https:\/\/flic.kr\/s\/aHBqjzXRGx\" target=\"_blank\">Classic Channel Regatta 2022 Parade of Sail<\/a><\/p>\n\n\n\n<p class=\"has-medium-font-size\"><a rel=\"noreferrer noopener\" href=\"https:\/\/flic.kr\/s\/aHBqjzXTj1\" target=\"_blank\">Classic Channel Regatta 2022 Racing off Dartmouth<\/a><\/p>\n\n\n\n<p class=\"has-medium-font-size\"><a href=\"https:\/\/www.flickr.com\/photos\/196068731@N06\/albums\/72177720300510546\" data-type=\"URL\" data-id=\"https:\/\/www.flickr.com\/photos\/196068731@N06\/albums\/72177720300510546\" target=\"_blank\" rel=\"noreferrer noopener\">Crew Supper Party in Dartmouth<\/a><\/p>\n\n\n<div class=\"wpforms-container wpforms-container-full wpforms-block\" id=\"wpforms-10883\"><form id=\"wpforms-form-10883\" class=\"wpforms-validate wpforms-form wpforms-ajax-form\" data-formid=\"10883\" method=\"post\" enctype=\"multipart\/form-data\" action=\"\/fr\/wp-json\/wp\/v2\/pages\/10874\" data-token=\"124633233768e89cd3379a28c3ae23ed\" data-token-time=\"1777604506\"><noscript class=\"wpforms-error-noscript\">Veuillez activer JavaScript dans votre navigateur pour remplir ce formulaire.<\/noscript><div class=\"wpforms-field-container\"><div id=\"wpforms-10883-field_0-container\" class=\"wpforms-field wpforms-field-name\" data-field-id=\"0\"><label class=\"wpforms-field-label\">Nom <span class=\"wpforms-required-label\">*<\/span><\/label><div class=\"wpforms-field-row wpforms-field-medium\"><div class=\"wpforms-field-row-block wpforms-first wpforms-one-half\"><input type=\"text\" id=\"wpforms-10883-field_0\" class=\"wpforms-field-name-first wpforms-field-required\" name=\"wpforms[fields][0][first]\" required><label for=\"wpforms-10883-field_0\" class=\"wpforms-field-sublabel after\">Pr\u00e9nom<\/label><\/div><div class=\"wpforms-field-row-block wpforms-one-half\"><input type=\"text\" id=\"wpforms-10883-field_0-last\" class=\"wpforms-field-name-last wpforms-field-required\" name=\"wpforms[fields][0][last]\" required><label for=\"wpforms-10883-field_0-last\" class=\"wpforms-field-sublabel after\">Nom<\/label><\/div><\/div><\/div><div id=\"wpforms-10883-field_1-container\" class=\"wpforms-field wpforms-field-email\" data-field-id=\"1\"><label class=\"wpforms-field-label\" for=\"wpforms-10883-field_1\">Email <span class=\"wpforms-required-label\">*<\/span><\/label><input type=\"email\" id=\"wpforms-10883-field_1\" class=\"wpforms-field-medium wpforms-field-required\" name=\"wpforms[fields][1]\" spellcheck=\"false\" required><\/div>\t\t<div id=\"wpforms-10883-field_3-container\"\n\t\t\tclass=\"wpforms-field wpforms-field-text\"\n\t\t\tdata-field-type=\"text\"\n\t\t\tdata-field-id=\"3\"\n\t\t\t>\n\t\t\t<label class=\"wpforms-field-label\" for=\"wpforms-10883-field_3\" >Nom photos Liste<\/label>\n\t\t\t<input type=\"text\" id=\"wpforms-10883-field_3\" class=\"wpforms-field-medium\" name=\"wpforms[fields][3]\" >\n\t\t<\/div>\n\t\t<div id=\"wpforms-10883-field_2-container\" class=\"wpforms-field wpforms-field-textarea\" data-field-id=\"2\"><label class=\"wpforms-field-label\" for=\"wpforms-10883-field_2\">Liste des photos requises <span class=\"wpforms-required-label\">*<\/span><\/label><textarea id=\"wpforms-10883-field_2\" class=\"wpforms-field-medium wpforms-field-required\" name=\"wpforms[fields][2]\" required><\/textarea><div class=\"wpforms-field-description\">Veuillez indiquer les num\u00e9ros de r\u00e9f\u00e9rence des photos requises. Il peut \u00eatre trouv\u00e9 dans le coin inf\u00e9rieur lorsque vous survolez une photo. Ce sera sous la forme DSC_####<\/div><\/div><script>\n\t\t\t\t( function() {\n\t\t\t\t\tconst style = document.createElement( 'style' );\n\t\t\t\t\tstyle.appendChild( document.createTextNode( '#wpforms-10883-field_3-container { position: absolute !important; overflow: hidden !important; display: inline !important; height: 1px !important; width: 1px !important; z-index: -1000 !important; padding: 0 !important; } #wpforms-10883-field_3-container input { visibility: hidden; } #wpforms-conversational-form-page #wpforms-10883-field_3-container label { counter-increment: none; }' ) );\n\t\t\t\t\tdocument.head.appendChild( style );\n\t\t\t\t\tdocument.currentScript?.remove();\n\t\t\t\t} )();\n\t\t\t<\/script><\/div><!-- .wpforms-field-container --><div class=\"wpforms-recaptcha-container wpforms-is-recaptcha wpforms-is-recaptcha-type-invisible\" ><div class=\"g-recaptcha\" data-sitekey=\"6Lf59uodAAAAADHCC7E9il3NWUqkA0QB3CtR2CC0\" data-size=\"invisible\"><\/div><\/div><div class=\"wpforms-submit-container\" ><input type=\"hidden\" name=\"wpforms[id]\" value=\"10883\"><input type=\"hidden\" name=\"page_title\" value=\"\"><input type=\"hidden\" name=\"page_url\" value=\"https:\/\/www.classic-channel-regatta.eu\/fr\/wp-json\/wp\/v2\/pages\/10874\"><input type=\"hidden\" name=\"url_referer\" value=\"\"><button type=\"submit\" name=\"wpforms[submit]\" id=\"wpforms-submit-10883\" class=\"wpforms-submit\" data-alt-text=\"Sending...\" data-submit-text=\"Submit\" aria-live=\"assertive\" value=\"wpforms-submit\">Submit<\/button><img loading=\"lazy\" decoding=\"async\" src=\"https:\/\/www.classic-channel-regatta.eu\/wp-content\/plugins\/wpforms-lite\/assets\/images\/submit-spin.svg\" class=\"wpforms-submit-spinner\" style=\"display: none;\" width=\"26\" height=\"26\" alt=\"Chargement en cours\"><\/div><\/form><\/div>  <!-- .wpforms-container -->\n\n\n<p class=\"has-large-font-size\"><strong><span class=\"has-inline-color has-vivid-cyan-blue-color\">Photos de Paimpol<\/span><\/strong><\/p>\n\n\n\n<p>Photos des bateaux arrivant \u00e0 Paimpol et de la Danse des Classiques<\/p>\n\n\n\n<p class=\"has-medium-font-size\"><a rel=\"noreferrer noopener\" href=\"https:\/\/www.flickr.com\/photos\/jcdevigne\/sets\/72177720300724781\/\" target=\"_blank\">Photos of the 2022 Classic Channel Regatta in Paimpol \u2013 supplied by Jean-Charles Devigne<\/a><\/p>\n\n\n\n<p>Photographies des bateaux et de l&rsquo;\u00e9quipage \u00e0 Paimpol<\/p>\n\n\n\n<p class=\"has-medium-font-size\"><a rel=\"noreferrer noopener\" href=\"https:\/\/www.flickr.com\/photos\/196127875@N08\/albums\/72177720300799866\/with\/52240727260\/\" target=\"_blank\">Photos de la Classic Channel Regatta 2022 \u00e0 Paimpol \u2013 fournies par Pierre Colboc (Pr\u00e9sident de l&rsquo;\u00e9quipe CCR \u00e0 Paimpol)<\/a><\/p>\n\n\n\n<p class=\"has-large-font-size\"><strong><span class=\"has-inline-color has-vivid-cyan-blue-color\">Photos Amateurs<\/span><\/strong><\/p>\n\n\n\n<p>Nous avons \u00e9galement quelques photos fournies par des concurrents que vous pouvez consulter en cliquant sur le lien ci-dessous<\/p>\n\n\n\n<p class=\"has-medium-font-size\"><a rel=\"noreferrer noopener\" href=\"https:\/\/flic.kr\/s\/aHBqjzXZrS\" target=\"_blank\">Amateur Photographs of the 2022 Classic Channel Regatta<\/a><\/p>\n\n\n\n<hr class=\"wp-block-separator\"\/>\n","protected":false},"excerpt":{"rendered":"<p>Photos de la 2022 Classic Channel Regatta Photos officielles Nous avons des photos fantastiques prises \u00e0 Dartmouth par notre photographe officielle Anne Cave-Penney. Ils sont organis\u00e9s en dossiers sur Flickr et vous pouvez les consulter en cliquant sur les liens ci-dessous. Il y a beaucoup de superbes photos et Anne a essay\u00e9 de prendre des [&hellip;]<\/p>\n","protected":false},"author":3,"featured_media":0,"parent":0,"menu_order":0,"comment_status":"closed","ping_status":"closed","template":"no-sidebar-template.php","meta":{"_acf_changed":false,"footnotes":""},"class_list":["post-10874","page","type-page","status-publish","hentry"],"acf":[],"_links":{"self":[{"href":"https:\/\/www.classic-channel-regatta.eu\/fr\/wp-json\/wp\/v2\/pages\/10874","targetHints":{"allow":["GET"]}}],"collection":[{"href":"https:\/\/www.classic-channel-regatta.eu\/fr\/wp-json\/wp\/v2\/pages"}],"about":[{"href":"https:\/\/www.classic-channel-regatta.eu\/fr\/wp-json\/wp\/v2\/types\/page"}],"author":[{"embeddable":true,"href":"https:\/\/www.classic-channel-regatta.eu\/fr\/wp-json\/wp\/v2\/users\/3"}],"replies":[{"embeddable":true,"href":"https:\/\/www.classic-channel-regatta.eu\/fr\/wp-json\/wp\/v2\/comments?post=10874"}],"version-history":[{"count":0,"href":"https:\/\/www.classic-channel-regatta.eu\/fr\/wp-json\/wp\/v2\/pages\/10874\/revisions"}],"wp:attachment":[{"href":"https:\/\/www.classic-channel-regatta.eu\/fr\/wp-json\/wp\/v2\/media?parent=10874"}],"curies":[{"name":"wp","href":"https:\/\/api.w.org\/{rel}","templated":true}]}}