{"id":10447,"date":"2022-05-11T12:10:03","date_gmt":"2022-05-11T12:10:03","guid":{"rendered":"https:\/\/www.classic-channel-regatta.eu\/?page_id=10447"},"modified":"2024-07-04T13:20:43","modified_gmt":"2024-07-04T13:20:43","slug":"official-merchandise-2024","status":"publish","type":"page","link":"https:\/\/www.classic-channel-regatta.eu\/fr\/official-merchandise-2024\/","title":{"rendered":"Official Merchandise 2024"},"content":{"rendered":"\r\n<h3 class=\"wp-block-heading\">Les v\u00eatements officiels de la r\u00e9gate 2024 sont fournis par Custom Embroidery \u00e0 Plymouth<\/h3>\r\n\r\n\r\n<p>Tous les v\u00eatements sont des produits de haute qualit\u00e9 brod\u00e9s avec le logo de la r\u00e9gate.<\/p>\r\n\r\n\r\n<p>Vous pouvez ajouter le nom de votre bateau sous le logo sur tous les v\u00eatements, \u00e0 l&rsquo;exception de la casquette, moyennant un suppl\u00e9ment de 4 \u00a3 par v\u00eatement.<\/p>\r\n<div class=\"wp-block-columns display-card has-background\" style=\"background-color: #dadddf;\">\r\n<div class=\"wp-block-column\">\r\n<h2>Polo de r\u00e9gate<\/h2>\r\n\r\n\r\n<p id=\"block-fc9ecb58-a0b5-46de-945b-96fad07a923e\">Nous avons repris cette chemise Henbury 100 % coton \u00e9pais de qualit\u00e9 sup\u00e9rieure que nous avions propos\u00e9e pour un certain nombre de r\u00e9gates avant 2022. Excellente pour la voile, notre ancien marin dit qu&rsquo;elle se porte et conserve bien sa forme et qu&rsquo;elle poss\u00e8de un col montant g\u00e9n\u00e9reux &#8211; et il porte toujours le sien depuis de nombreuses r\u00e9gates ! Propos\u00e9e en bleu royal comme chemise unisexe cette ann\u00e9e avec le logo CCR 2024 brod\u00e9 sur la poitrine et la possibilit\u00e9 d&rsquo;ajouter le nom de votre bateau en dessous.<\/p>\r\n\r\n\r\n<div class=\"wp-block-columns is-layout-flex wp-container-core-columns-is-layout-9d6595d7 wp-block-columns-is-layout-flex\">\r\n<div class=\"wp-block-column is-layout-flow wp-block-column-is-layout-flow\">\r\n<figure class=\"wp-block-image size-large\"><img decoding=\"async\" class=\"wp-image-10380\" src=\"https:\/\/www.classic-channel-regatta.eu\/wp-content\/uploads\/2024\/06\/Polo-2024.jpg\" alt=\"\" \/><\/figure>\r\n<\/div>\r\n\r\n\r\n<div class=\"wp-block-column is-layout-flow wp-block-column-is-layout-flow\">\r\n<figure class=\"wp-block-image size-large is-resized\"><img loading=\"lazy\" decoding=\"async\" class=\"wp-image-10378\" src=\"https:\/\/www.classic-channel-regatta.eu\/wp-content\/uploads\/2024\/06\/Polo-on-model-2024.jpg\" alt=\"\" width=\"480\" height=\"556\" \/><\/figure>\r\n<\/div>\r\n<\/div>\r\n\r\n\r\n<h3 class=\"wp-block-heading\"><br \/>\r\nPrix \u200b\u200b25 \u00a3<\/h3>\r\n<\/div>\r\n<!-- \/wp:post-content --><\/div>\r\n<!-- \/wp:columns -->\r\n<div class=\"wp-block-columns display-card has-background\" style=\"background-color: #dadddf;\">\r\n<div class=\"wp-block-column\">\r\n<h2>Maillot de rugby Regatta<\/h2>\r\n<!-- \/wp:heading -->\r\n<!-- wp:paragraph -->\r\n<p id=\"block-fc9ecb58-a0b5-46de-945b-96fad07a923e\">Chemise de rugby tiss\u00e9e traditionnelle de Front Row, notre ancien marin dit que c&rsquo;est une excellente chemise de voile \u00e0 manches longues qui est vraiment confortable et chaude pour les quarts de nuit et les temps plus frais. Avec sangle en coton, \u00e9paules et fentes lat\u00e9rales coll\u00e9es, poignets c\u00f4tel\u00e9s en \u00e9lasthanne et ourlet \u00e0 double aiguille. Disponible en coupe homme et femme. Id\u00e9al pour la voile &#8211; avec le logo CCR 2024 sur la poitrine et la possibilit\u00e9 d&rsquo;ajouter le nom de votre bateau en dessous.<\/p>\r\n<!-- \/wp:paragraph -->\r\n<!-- wp:columns -->\r\n<div class=\"wp-block-columns\"><!-- wp:column -->\r\n<div class=\"wp-block-column\"><!-- wp:image {\"id\":10380,\"sizeSlug\":\"large\",\"linkDestination\":\"none\"} -->\r\n<figure class=\"wp-block-image size-large\"><img loading=\"lazy\" decoding=\"async\" width=\"619\" height=\"619\" class=\"wp-image-10380\" src=\"https:\/\/www.classic-channel-regatta.eu\/wp-content\/uploads\/2022\/05\/image-3.png\" alt=\"\" srcset=\"https:\/\/www.classic-channel-regatta.eu\/wp-content\/uploads\/2022\/05\/image-3.png 619w, https:\/\/www.classic-channel-regatta.eu\/wp-content\/uploads\/2022\/05\/image-3-300x300.png 300w, https:\/\/www.classic-channel-regatta.eu\/wp-content\/uploads\/2022\/05\/image-3-200x200.png 200w\" sizes=\"auto, (max-width: 619px) 100vw, 619px\" \/><\/figure>\r\n<!-- \/wp:image --><\/div>\r\n<!-- \/wp:column -->\r\n<!-- wp:column -->\r\n<div class=\"wp-block-column\"><!-- wp:image {\"id\":10378,\"width\":480,\"height\":556,\"sizeSlug\":\"large\",\"linkDestination\":\"none\"} -->\r\n<figure class=\"wp-block-image size-large is-resized\"><img loading=\"lazy\" decoding=\"async\" class=\"wp-image-10378\" src=\"https:\/\/www.classic-channel-regatta.eu\/wp-content\/uploads\/2022\/05\/image-2.png\" alt=\"\" width=\"480\" height=\"556\" srcset=\"https:\/\/www.classic-channel-regatta.eu\/wp-content\/uploads\/2022\/05\/image-2.png 480w, https:\/\/www.classic-channel-regatta.eu\/wp-content\/uploads\/2022\/05\/image-2-259x300.png 259w\" sizes=\"auto, (max-width: 480px) 100vw, 480px\" \/><\/figure>\r\n<!-- \/wp:image --><\/div>\r\n<!-- \/wp:column --><\/div>\r\n<!-- \/wp:columns -->\r\n<!-- wp:heading {\"level\":3} -->\r\n<h3><br \/>\r\nPrix \u200b\u200b33 \u00a3<\/h3>\r\n<!-- \/wp:heading --><\/div>\r\n<!-- \/wp:column --><\/div>\r\n<!-- \/wp:columns -->\r\n<!-- wp:columns {\"style\":{\"color\":{\"background\":\"#e0eef4\"}},\"className\":\"display-card\"} -->\r\n<div class=\"wp-block-columns display-card has-background\" style=\"background-color: #e0eef4;\"><!-- wp:column -->\r\n<div class=\"wp-block-column\"><!-- wp:heading -->\r\n<h2>Gilet polaire<\/h2>\r\n<!-- \/wp:heading -->\r\n<!-- wp:paragraph -->\r\n<p>Nous avons introduit ce gilet de la marque Regatta dans la gamme en 2022 et avons constat\u00e9 qu&rsquo;il avait une polaire plus fine et qu&rsquo;il \u00e9tait g\u00e9n\u00e9ralement meilleur que celui que nous proposions auparavant. Non doubl\u00e9 avec un col scotch\u00e9, il poss\u00e8de une fermeture \u00e9clair sur toute la longueur et deux poches zipp\u00e9es \u00e0 l&rsquo;avant. La couche interm\u00e9diaire id\u00e9ale, notre ancien marin dit qu&rsquo;il l&rsquo;aime beaucoup et le porte souvent. Disponible en coupe homme et femme. Logo CCR 2024 sur la poitrine avec possibilit\u00e9 d&rsquo;ajouter le nom de votre bateau en dessous.<\/p>\r\n<!-- \/wp:paragraph -->\r\n<!-- wp:columns -->\r\n<div class=\"wp-block-columns\"><!-- wp:column -->\r\n<div class=\"wp-block-column\"><!-- wp:image {\"id\":10409,\"sizeSlug\":\"large\",\"linkDestination\":\"none\"} -->\r\n<figure class=\"wp-block-image size-large\"><img loading=\"lazy\" decoding=\"async\" width=\"480\" height=\"556\" class=\"wp-image-10409\" src=\"https:\/\/www.classic-channel-regatta.eu\/wp-content\/uploads\/2022\/05\/image-4.png\" alt=\"\" srcset=\"https:\/\/www.classic-channel-regatta.eu\/wp-content\/uploads\/2022\/05\/image-4.png 480w, https:\/\/www.classic-channel-regatta.eu\/wp-content\/uploads\/2022\/05\/image-4-259x300.png 259w\" sizes=\"auto, (max-width: 480px) 100vw, 480px\" \/><\/figure>\r\n<!-- \/wp:image --><\/div>\r\n<!-- \/wp:column -->\r\n<!-- wp:column -->\r\n<div class=\"wp-block-column\"><!-- wp:image {\"id\":10411,\"sizeSlug\":\"large\",\"linkDestination\":\"none\"} -->\r\n<figure class=\"wp-block-image size-large\"><img loading=\"lazy\" decoding=\"async\" width=\"641\" height=\"722\" class=\"wp-image-10411\" src=\"https:\/\/www.classic-channel-regatta.eu\/wp-content\/uploads\/2022\/05\/image-5.png\" alt=\"\" srcset=\"https:\/\/www.classic-channel-regatta.eu\/wp-content\/uploads\/2022\/05\/image-5.png 641w, https:\/\/www.classic-channel-regatta.eu\/wp-content\/uploads\/2022\/05\/image-5-266x300.png 266w\" sizes=\"auto, (max-width: 641px) 100vw, 641px\" \/><\/figure>\r\n<!-- \/wp:image --><\/div>\r\n<!-- \/wp:column --><\/div>\r\n<!-- \/wp:columns -->\r\n<!-- wp:heading {\"level\":3} -->\r\n<h3><br \/>\r\nPrix \u200b\u200b29 \u00a3<\/h3>\r\n<!-- \/wp:heading --><\/div>\r\n<!-- \/wp:column --><\/div>\r\n<!-- \/wp:columns -->\r\n<!-- wp:columns {\"style\":{\"color\":{\"background\":\"#dadddf\"}},\"className\":\"display-card\"} -->\r\n<div class=\"wp-block-columns display-card has-background\" style=\"background-color: #dadddf;\"><!-- wp:column -->\r\n<div class=\"wp-block-column\"><!-- wp:heading -->\r\n<h2>Gilet Softshell<\/h2>\r\n<!-- \/wp:heading -->\r\n<!-- wp:paragraph -->\r\n<p>La couche sup\u00e9rieure id\u00e9ale lorsque vous avez besoin d&rsquo;un peu de chaleur suppl\u00e9mentaire.<\/p>\r\n<p>Tissu softshell triple couche 95 % polyester\/5 % \u00e9lasthanne, respirant et r\u00e9sistant \u00e0 l&rsquo;eau avec une couche interm\u00e9diaire en membrane performante et une couche int\u00e9rieure en micro polaire. Fermeture \u00e9clair sur toute la longueur, deux poches lat\u00e9rales zipp\u00e9es et une poche poitrine zipp\u00e9e. Coupe unisexe \u00e9l\u00e9gante avec le logo CCR 2024 sur la poitrine et possibilit\u00e9 d&rsquo;ajouter le nom de votre bateau en dessous. Notre ancien marin en poss\u00e8de \u00e9galement un et l&rsquo;aime beaucoup (et le porte souvent pour promener son chien !).<\/p>\r\n<!-- \/wp:paragraph -->\r\n<!-- wp:columns -->\r\n<div class=\"wp-block-columns\"><!-- wp:column -->\r\n<div class=\"wp-block-column\"><!-- wp:image {\"id\":10418,\"sizeSlug\":\"large\",\"linkDestination\":\"none\"} -->\r\n<figure class=\"wp-block-image size-large\"><img loading=\"lazy\" decoding=\"async\" width=\"422\" height=\"746\" class=\"wp-image-10418\" src=\"https:\/\/www.classic-channel-regatta.eu\/wp-content\/uploads\/2022\/05\/image-7.png\" alt=\"\" srcset=\"https:\/\/www.classic-channel-regatta.eu\/wp-content\/uploads\/2022\/05\/image-7.png 422w, https:\/\/www.classic-channel-regatta.eu\/wp-content\/uploads\/2022\/05\/image-7-170x300.png 170w\" sizes=\"auto, (max-width: 422px) 100vw, 422px\" \/><\/figure>\r\n<!-- \/wp:image --><\/div>\r\n<!-- \/wp:column -->\r\n<!-- wp:column -->\r\n<div class=\"wp-block-column\"><!-- wp:image {\"id\":10415,\"sizeSlug\":\"large\",\"linkDestination\":\"none\"} -->\r\n<figure class=\"wp-block-image size-large\"><img loading=\"lazy\" decoding=\"async\" width=\"480\" height=\"577\" class=\"wp-image-10415\" src=\"https:\/\/www.classic-channel-regatta.eu\/wp-content\/uploads\/2022\/05\/image-6.png\" alt=\"\" srcset=\"https:\/\/www.classic-channel-regatta.eu\/wp-content\/uploads\/2022\/05\/image-6.png 480w, https:\/\/www.classic-channel-regatta.eu\/wp-content\/uploads\/2022\/05\/image-6-250x300.png 250w\" sizes=\"auto, (max-width: 480px) 100vw, 480px\" \/><\/figure>\r\n<!-- \/wp:image --><\/div>\r\n<!-- \/wp:column --><\/div>\r\n<!-- \/wp:columns -->\r\n<!-- wp:heading {\"level\":3} -->\r\n<h3><br \/>\r\nPrix \u200b\u200b49 \u00a3<\/h3>\r\n<!-- \/wp:heading --><\/div>\r\n<!-- \/wp:column --><\/div>\r\n<!-- \/wp:columns -->\r\n<div class=\"wp-block-columns display-card has-background\" style=\"background-color: #dadddf;\"><!-- wp:column -->\r\n<div class=\"wp-block-column\"><!-- wp:heading -->\r\n<h2>Casquette de baseball<\/h2>\r\n<!-- \/wp:heading -->\r\n<!-- wp:paragraph -->\r\n<p>Un style vintage 100% coton bross\u00e9 lav\u00e9 est \u00e0 nouveau propos\u00e9 en bleu cette ann\u00e9e (le rouge breton rouille-poussi\u00e8re que nous avions annonc\u00e9 pr\u00e9c\u00e9demment est d\u00e9sormais en rupture de stock chez les fournisseurs). Il comporte 6 panneaux et est discret avec une couronne souple et non structur\u00e9e, des \u0153illets de ventilation cousus, une visi\u00e8re pr\u00e9-courb\u00e9e, un ajusteur de sangle en tissu avec boucle effet laiton. Logo CCR sur le devant et inscription Classic Channel Regatta enroul\u00e9e autour de la fente \u00e0 l&rsquo;arri\u00e8re. Taille unique.<\/p>\r\n<!-- \/wp:paragraph -->\r\n<!-- wp:columns -->\r\n<div class=\"wp-block-columns\"><!-- wp:column -->\r\n<div class=\"wp-block-column\"><!-- wp:image {\"id\":10436,\"sizeSlug\":\"large\",\"linkDestination\":\"none\"} -->\r\n<figure class=\"wp-block-image size-large\"><img loading=\"lazy\" decoding=\"async\" width=\"623\" height=\"480\" class=\"wp-image-10436\" src=\"https:\/\/www.classic-channel-regatta.eu\/wp-content\/uploads\/2022\/05\/cap.jpg\" alt=\"\" srcset=\"https:\/\/www.classic-channel-regatta.eu\/wp-content\/uploads\/2022\/05\/cap.jpg 623w, https:\/\/www.classic-channel-regatta.eu\/wp-content\/uploads\/2022\/05\/cap-300x231.jpg 300w\" sizes=\"auto, (max-width: 623px) 100vw, 623px\" \/><\/figure>\r\n<!-- \/wp:image --><\/div>\r\n<!-- \/wp:column -->\r\n<!-- wp:column -->\r\n<div class=\"wp-block-column\">\u00a0<\/div>\r\n<!-- \/wp:column --><\/div>\r\n<!-- \/wp:columns -->\r\n<!-- wp:heading {\"level\":3} -->\r\n<h3><br \/>\r\nPrix \u200b\u200b18 \u00a3<\/h3>\r\n<!-- \/wp:heading --><\/div>\r\n<!-- \/wp:column --><\/div>\r\n<!-- \/wp:columns -->\r\n<!-- wp:paragraph -->\r\n<div class=\"wp-block-columns display-card has-background\" style=\"background-color: #dadddf;\"><!-- wp:column -->\r\n<div class=\"wp-block-column\"><!-- wp:heading -->\r\n<h2>Les nounours de la r\u00e9gate<\/h2>\r\n<!-- \/wp:heading -->\r\n<!-- wp:paragraph -->\r\n<p>Ces adorables peluches avec des guerneseys brod\u00e9s sont fournies par Channel Island Toys \u00e0 Guernesey et constituent un bel ajout \u00e0 l&rsquo;\u00e9quipage de tout yacht. Ils mesurent 27 cm de haut.<\/p>\r\n<p>Ils pourront \u00eatre r\u00e9cup\u00e9r\u00e9s \u00e0 Guernesey et \u00e0 Paimpol, mais pas \u00e0 Dartmouth.<\/p>\r\n<!-- \/wp:paragraph -->\r\n<!-- wp:columns -->\r\n<div class=\"wp-block-columns\"><!-- wp:column -->\r\n<div class=\"wp-block-column\"><!-- wp:image {\"id\":10436,\"sizeSlug\":\"large\",\"linkDestination\":\"none\"} -->\r\n<figure class=\"wp-block-image size-large\"><img decoding=\"async\" class=\"wp-image-10436\" src=\"https:\/\/www.classic-channel-regatta.eu\/wp-content\/uploads\/2024\/06\/bear.jpg\" alt=\"\" \/><\/figure>\r\n<!-- \/wp:image --><\/div>\r\n<!-- \/wp:column -->\r\n<!-- wp:column -->\r\n<div class=\"wp-block-column\">\u00a0<\/div>\r\n<!-- \/wp:column --><\/div>\r\n<!-- \/wp:columns -->\r\n<!-- wp:heading {\"level\":3} -->\r\n<h3><br \/>\r\nPrix \u200b\u200b17,50 \u00a3<\/h3>\r\n<!-- \/wp:heading --><\/div>\r\n<!-- \/wp:column --><\/div>\r\n<!-- \/wp:columns -->\r\n<!-- wp:paragraph -->\r\n<p>Tous les prix ci-dessus incluent la TVA.<\/p>\r\n<!-- \/wp:paragraph -->\r\n<!-- wp:paragraph -->\r\n<h2>La date limite de commande est d\u00e9sormais pass\u00e9e et la boutique est ferm\u00e9e. Il y aura du stock en vente lors de la r\u00e9gate.<\/h2>\r\n<!-- \/wp:paragraph -->","protected":false},"excerpt":{"rendered":"<p>Les v\u00eatements officiels de la r\u00e9gate 2024 sont fournis par Custom Embroidery \u00e0 Plymouth Tous les v\u00eatements sont des produits de haute qualit\u00e9 brod\u00e9s avec le logo de la r\u00e9gate. Vous pouvez ajouter le nom de votre bateau sous le logo sur tous les v\u00eatements, \u00e0 l&rsquo;exception de la casquette, moyennant un suppl\u00e9ment de 4 [&hellip;]<\/p>\n","protected":false},"author":7,"featured_media":0,"parent":0,"menu_order":0,"comment_status":"closed","ping_status":"closed","template":"","meta":{"_acf_changed":false,"footnotes":""},"class_list":["post-10447","page","type-page","status-publish","hentry"],"acf":[],"_links":{"self":[{"href":"https:\/\/www.classic-channel-regatta.eu\/fr\/wp-json\/wp\/v2\/pages\/10447","targetHints":{"allow":["GET"]}}],"collection":[{"href":"https:\/\/www.classic-channel-regatta.eu\/fr\/wp-json\/wp\/v2\/pages"}],"about":[{"href":"https:\/\/www.classic-channel-regatta.eu\/fr\/wp-json\/wp\/v2\/types\/page"}],"author":[{"embeddable":true,"href":"https:\/\/www.classic-channel-regatta.eu\/fr\/wp-json\/wp\/v2\/users\/7"}],"replies":[{"embeddable":true,"href":"https:\/\/www.classic-channel-regatta.eu\/fr\/wp-json\/wp\/v2\/comments?post=10447"}],"version-history":[{"count":0,"href":"https:\/\/www.classic-channel-regatta.eu\/fr\/wp-json\/wp\/v2\/pages\/10447\/revisions"}],"wp:attachment":[{"href":"https:\/\/www.classic-channel-regatta.eu\/fr\/wp-json\/wp\/v2\/media?parent=10447"}],"curies":[{"name":"wp","href":"https:\/\/api.w.org\/{rel}","templated":true}]}}