{"id":10014,"date":"2021-09-23T20:26:52","date_gmt":"2021-09-23T20:26:52","guid":{"rendered":"https:\/\/www.classic-channel-regatta.eu\/?page_id=10014"},"modified":"2025-12-22T15:53:33","modified_gmt":"2025-12-22T15:53:33","slug":"programme","status":"publish","type":"page","link":"https:\/\/www.classic-channel-regatta.eu\/fr\/programme\/","title":{"rendered":"2026 Programme"},"content":{"rendered":"<div class=\"display-card\">\n<h2 class=\"has-text-align-center\">2026 CLASSIC CHANNEL REGATTA &#8211;<\/h2>\n<h2 class=\"has-text-align-center\">\u00a0Programme pr\u00e9liminaire et horaires<\/h2>\n<\/div>\n<p>Toutes les heures sont en heure locale (au Royaume-Uni UTC +1 et en France UTC +2)<\/p>\n<div class=\"display-card\">\n<h3>Mardi 7 juillet <br \/> Journ\u00e9e d&rsquo;inscription et d&rsquo;accueil<\/h3>\n<p>\n    \u2022 12h00-18h00\u00a0: inscription au Royal Dart Yacht Club<br \/>\n    \u2022 14h00\u00a0: \u00ab\u00a0sports nautiques\u00a0\u00bb \u00e0 Dartmouth devant le Dartmouth Yacht Club<br \/>\n    \u2022 18h30\u00a0: r\u00e9ception d\u2019accueil au RDYC<br \/>\n    \u2022 19h00\u00a0: briefing pour les Dartmouth Classics Races au RDYC<br \/>\n    \u2022 20h00\u00a0: d\u00eener des \u00e9quipages au RDYC\n<\/p>\n<h3>Mercredi 8 juillet <br \/> Dartmouth Classics \u2013 Jour 1<\/h3>\n<p>\n    \u2022 8h00-10h00\u00a0: derni\u00e8res inscriptions au RDYC<br \/>\n    \u2022 10h30\u00a0: parade sous voile<br \/>\n    \u2022 12h00\u00a0: premier d\u00e9part des Dartmouth Classics Races<br \/>\n    \u2022 19h00 pour 19h30\u00a0: soir\u00e9e-d\u00eener des \u00e9quipages avec musique au Old Market Square<br \/>\n    \u2022 23h00\u00a0: fin de la soir\u00e9e\n<\/p>\n<h3>Jeudi 9 juillet <br \/> Dartmouth Classics \u2013 Jour 2<\/h3>\n<p>\n    \u2022 10h00\u00a0: Dartmouth Classics Start Bay Race \u2013 premier d\u00e9part<br \/>\n    \u2022 17h30 : remise des prix de la Dartmouth Classics sponsoris\u00e9e par Dartmouth Gin<br \/>\n    \u2022 18h00\u00a0: BBQ au RDYC\n<\/p>\n<h3>Vendredi 10 juillet <br \/> Classic Channel Race \u2013 Dartmouth \u00e0 St Peter Port \u2013 jour de d\u00e9part<\/h3>\n<p>\n    \u2022 09h00 \u2013 09h30 : Derni\u00e8res inscriptions pour la Classic Channel Race.<br \/>\n    \u2022 10h00 : Briefing pour la Classic Channel Race, Dartmouth \u2013 St Peter Port<br \/>\n    \u2022 13h00 : Premier d\u00e9part de la Classic Channel Race, Dartmouth \u2013 St Peter Port\n<\/p>\n<h3>Samedi 11 juillet <br \/> Classic Channel Race \u2013 arriv\u00e9e \u00e0 St Peter Port <\/h3>\n<p>\n    \u2022 Les bateaux arrivent \u00e0 St Peter Port pendant la matin\u00e9e<br \/>\n    \u2022 17h30\u00a0: briefing  S\u00e9curit\u00e9 en vue de la Classic St Peter Port &#8211; L\u00e9zardrieux Race<br \/>\n    \u2022 18h00\u00a0: r\u00e9ception d\u2019accueil au Castle Cornet sponsoris\u00e9 par les Etas de Guernesey (a.c.)\n<\/p>\n<h3>Dimanche 12 juillet <br \/> Classic St Peter Port \u2013 L\u00e9zardrieux Race<\/h3>\n<p>\n    \u2022 8h30\u00a0: premier d\u00e9part de la Classic St Peter Port \u2013 L\u00e9zardrieux Race<br \/>\n    \u2022 L&rsquo;arriv\u00e9e de la course se situe au sud ou \u00e0 l&rsquo;ouest de l&rsquo;\u00eele de Br\u00e9hat<br \/>\n    \u2022 Arriv\u00e9e en fin d\u2019apr\u00e8s midi ou en soir\u00e9e \u00e0 L\u00e9zardrieux\n<\/p>\n<h3>Lundi 13 juillet <br \/> L\u00e9zardrieux \u00e0 Paimpol<\/h3>\n<p>\n    \u2022 croisi\u00e8re ou r\u00e9gate vers Paimpol dont la \u00ab\u00a0Danse des classique \u2013 Daniel Hue\u00a0\u00bb<br \/>\n    \u2022 Pique-nique au large de l&rsquo;\u00cele de Br\u00e9hat<br \/>\n    \u2022 parade d\u2019entr\u00e9e dans le port de Paimpol en d\u00e9but de soir\u00e9e<\/p>\n<p><h3>Mardi 14 juillet <br \/>F\u00eate Nationale<\/h3>\n<p>\n    \u2022 La flotte reste dans le port de Paimpol, au centre des festivit\u00e9s de la F\u00eate Nationale<br \/>\n    \u2022 Remise des prix de la Classic Channel Race et de la Classic St Peter Port to Lezardrieux Race<br \/>\n    \u2022 Feu d\u2019artifice\n<\/p>\n<h3>Mercredi 15 juillet <br \/> R\u00e9gate autour de l\u2019\u00eele de Br\u00e9hat<\/h3>\n<p>\n    \u2022 R\u00e9gate autour de l\u2019\u00eele de Br\u00e9hat &#8211; premier d\u00e9part \u00e0 10h00<br \/>\n    \u2022 Retour au port en d\u00e9but de soir\u00e9e\n<\/p>\n<h3>Jeudi 16 juillet <br \/> Classic Channel Regatta \u2013 Journ\u00e9e de Cl\u00f4ture<\/h3>\n<p>\n    \u2022 Course d\u2019annexes les yeux band\u00e9s<br \/>\n    \u2022 Remise des prix<br \/>\n    \u2022 Soir\u00e9e de cl\u00f4ture \u2013 Diner des \u00e9quipages\n<\/p>\n<\/div>\n","protected":false},"excerpt":{"rendered":"<p>2026 CLASSIC CHANNEL REGATTA &#8211; \u00a0Programme pr\u00e9liminaire et horaires Toutes les heures sont en heure locale (au Royaume-Uni UTC +1 et en France UTC +2) Mardi 7 juillet Journ\u00e9e d&rsquo;inscription et d&rsquo;accueil \u2022 12h00-18h00\u00a0: inscription au Royal Dart Yacht Club \u2022 14h00\u00a0: \u00ab\u00a0sports nautiques\u00a0\u00bb \u00e0 Dartmouth devant le Dartmouth Yacht Club \u2022 18h30\u00a0: r\u00e9ception d\u2019accueil [&hellip;]<\/p>\n","protected":false},"author":7,"featured_media":0,"parent":0,"menu_order":0,"comment_status":"closed","ping_status":"closed","template":"","meta":{"_acf_changed":false,"footnotes":""},"class_list":["post-10014","page","type-page","status-publish","hentry"],"acf":[],"_links":{"self":[{"href":"https:\/\/www.classic-channel-regatta.eu\/fr\/wp-json\/wp\/v2\/pages\/10014","targetHints":{"allow":["GET"]}}],"collection":[{"href":"https:\/\/www.classic-channel-regatta.eu\/fr\/wp-json\/wp\/v2\/pages"}],"about":[{"href":"https:\/\/www.classic-channel-regatta.eu\/fr\/wp-json\/wp\/v2\/types\/page"}],"author":[{"embeddable":true,"href":"https:\/\/www.classic-channel-regatta.eu\/fr\/wp-json\/wp\/v2\/users\/7"}],"replies":[{"embeddable":true,"href":"https:\/\/www.classic-channel-regatta.eu\/fr\/wp-json\/wp\/v2\/comments?post=10014"}],"version-history":[{"count":7,"href":"https:\/\/www.classic-channel-regatta.eu\/fr\/wp-json\/wp\/v2\/pages\/10014\/revisions"}],"predecessor-version":[{"id":13331,"href":"https:\/\/www.classic-channel-regatta.eu\/fr\/wp-json\/wp\/v2\/pages\/10014\/revisions\/13331"}],"wp:attachment":[{"href":"https:\/\/www.classic-channel-regatta.eu\/fr\/wp-json\/wp\/v2\/media?parent=10014"}],"curies":[{"name":"wp","href":"https:\/\/api.w.org\/{rel}","templated":true}]}}